{"id":1966,"date":"2023-01-19T22:32:27","date_gmt":"2023-01-19T22:32:27","guid":{"rendered":"http:\/\/localhost\/zois\/?post_type=product&#038;p=1966"},"modified":"2024-12-03T19:38:54","modified_gmt":"2024-12-03T19:38:54","slug":"follicle-activ-booster","status":"publish","type":"product","link":"https:\/\/zois.al\/sq\/produkt\/follicle-activ-booster\/","title":{"rendered":"FOLLICLE ACTIV BOOSTER"},"content":{"rendered":"<p>&#8211; Kujdesi gjat\u00eb nat\u00ebs &#8211;<\/p>\n<p><strong>92% p\u00ebrb\u00ebr\u00ebs me origjin\u00eb natyrale<\/strong><\/p>\n<p><strong>P\u00ebrfitimet:<\/strong><\/p>\n<ul>\n<li>P\u00ebrmir\u00ebson mikroqarkullimin<\/li>\n<li>P\u00ebrmir\u00ebson ankorimin e flok\u00ebve<\/li>\n<\/ul>\n<p style=\"text-align: justify;\"><strong>P\u00ebrdorimi:<\/strong><\/p>\n<p style=\"text-align: justify;\">Aplikojeni gjat\u00eb nat\u00ebs. 1 deri n\u00eb 2 pipeta, m\u00eb pas masazhojeni. Pa shp\u00eblarje. Sugjerohet p\u00ebrdorimi 1 deri n\u00eb 3 her\u00eb n\u00eb jav\u00eb.<\/p>\n<p style=\"text-align: justify;\"><strong>P\u00ebrb\u00ebr\u00ebsit:<\/strong><\/p>\n<p style=\"text-align: justify;\">Uj\u00eb, butylene glycol, tea-salicylate, pentylene glycol, peg-6, phenoxyethanol, tetrasodium disuccinoyl cystine, lysine aspartate, ppg-26-buteth-26, peg-40 hydrogenated castor oil, chlorphenesin, propylene glycol, citric acid, ethylhexylglycerin, pinus sylvestris oil, citrus medica limonium (lemon) peel oil, limonene, melaleuca alternifolia (tea tree) leaf oil, cananga odorata flower oil, coriandrum sativum (coriander) fruit oil, sodium hyaluronate, linalool, citrus aurantifolia (lime) oil , eugenia caryophyllus bud oil \/ eugenia caryphyllus (clove) flower oil, thymus vulgaris flower\/leaf oil \/ thymus vulgaris (thyme) oil, rosmarinus officinalis (rosemary) leaf oil, pogostemon cablin leaf oil, santalum album (sandalwood) oil, commiphora myrrha oil, eugenol, apigenin, oleanolic acid, biotinoyl tripeptide-1, tocopherol.<\/p>\n<p style=\"text-align: justify;\">Lista e p\u00ebrb\u00ebr\u00ebsve t\u00eb p\u00ebrdorur n\u00eb formulimin e produkteve t\u00eb flok\u00ebve modifikohet rregullisht. Para p\u00ebrdorimit, sigurohuni q\u00eb t\u00eb kontrolloni list\u00ebn e p\u00ebrb\u00ebr\u00ebsve n\u00eb paketim p\u00ebr t\u00eb verifikuar se p\u00ebrb\u00ebr\u00ebsit jan\u00eb t\u00eb p\u00ebrshtatsh\u00ebm p\u00ebr p\u00ebrdorimin tuaj personal.<\/p>","protected":false},"excerpt":{"rendered":"<p><strong>50 ml<\/strong><\/p>\n<p style=\"text-align: justify;\">Formuluar p\u00ebr t\u00eb hidratuar thell\u00ebsisht l\u00ebkur\u00ebn e kok\u00ebs dhe p\u00ebr t\u00eb luftuar n\u00eb m\u00ebnyr\u00eb efektive r\u00ebnien e flok\u00ebve, ky produkt p\u00ebrmban acid hialuronik, p\u00ebrb\u00ebr\u00ebsin kryesor hidratues aktiv dhe nj\u00eb kompleks stimulues q\u00eb aktivizon, riparon dhe mbron. Pas zgjimit n\u00eb m\u00ebngjes, skalpi i kok\u00ebs hidratohet intensivisht, flok\u00ebt b\u00ebhen m\u00eb t\u00eb fort\u00eb dhe rritja aktivizohet.<\/p>","protected":false},"featured_media":1946,"comment_status":"open","ping_status":"closed","template":"","meta":{"site-sidebar-layout":"default","site-content-layout":"default","ast-site-content-layout":"default","site-content-style":"default","site-sidebar-style":"default","ast-global-header-display":"","ast-banner-title-visibility":"","ast-main-header-display":"","ast-hfb-above-header-display":"","ast-hfb-below-header-display":"","ast-hfb-mobile-header-display":"","site-post-title":"","ast-breadcrumbs-content":"","ast-featured-img":"","footer-sml-layout":"","ast-disable-related-posts":"","theme-transparent-header-meta":"default","adv-header-id-meta":"","stick-header-meta":"","header-above-stick-meta":"","header-main-stick-meta":"","header-below-stick-meta":"","astra-migrate-meta-layouts":"default","ast-page-background-enabled":"default","ast-page-background-meta":{"desktop":{"background-color":"var(--ast-global-color-4)","background-image":"","background-repeat":"repeat","background-position":"center center","background-size":"auto","background-attachment":"scroll","background-type":"","background-media":"","overlay-type":"","overlay-color":"","overlay-opacity":"","overlay-gradient":""},"tablet":{"background-color":"","background-image":"","background-repeat":"repeat","background-position":"center center","background-size":"auto","background-attachment":"scroll","background-type":"","background-media":"","overlay-type":"","overlay-color":"","overlay-opacity":"","overlay-gradient":""},"mobile":{"background-color":"","background-image":"","background-repeat":"repeat","background-position":"center center","background-size":"auto","background-attachment":"scroll","background-type":"","background-media":"","overlay-type":"","overlay-color":"","overlay-opacity":"","overlay-gradient":""}},"ast-content-background-meta":{"desktop":{"background-color":"var(--ast-global-color-5)","background-image":"","background-repeat":"repeat","background-position":"center center","background-size":"auto","background-attachment":"scroll","background-type":"","background-media":"","overlay-type":"","overlay-color":"","overlay-opacity":"","overlay-gradient":""},"tablet":{"background-color":"var(--ast-global-color-5)","background-image":"","background-repeat":"repeat","background-position":"center center","background-size":"auto","background-attachment":"scroll","background-type":"","background-media":"","overlay-type":"","overlay-color":"","overlay-opacity":"","overlay-gradient":""},"mobile":{"background-color":"var(--ast-global-color-5)","background-image":"","background-repeat":"repeat","background-position":"center center","background-size":"auto","background-attachment":"scroll","background-type":"","background-media":"","overlay-type":"","overlay-color":"","overlay-opacity":"","overlay-gradient":""}}},"product_brand":[],"product_cat":[57,28],"product_tag":[],"class_list":{"0":"post-1966","1":"product","2":"type-product","3":"status-publish","4":"has-post-thumbnail","6":"product_cat-follicle-activ","7":"product_cat-hairfax","8":"desktop-align-left","9":"tablet-align-left","10":"mobile-align-left","12":"first","13":"instock","14":"shipping-taxable","15":"purchasable","16":"product-type-simple"},"_links":{"self":[{"href":"https:\/\/zois.al\/sq\/wp-json\/wp\/v2\/product\/1966","targetHints":{"allow":["GET"]}}],"collection":[{"href":"https:\/\/zois.al\/sq\/wp-json\/wp\/v2\/product"}],"about":[{"href":"https:\/\/zois.al\/sq\/wp-json\/wp\/v2\/types\/product"}],"replies":[{"embeddable":true,"href":"https:\/\/zois.al\/sq\/wp-json\/wp\/v2\/comments?post=1966"}],"wp:featuredmedia":[{"embeddable":true,"href":"https:\/\/zois.al\/sq\/wp-json\/wp\/v2\/media\/1946"}],"wp:attachment":[{"href":"https:\/\/zois.al\/sq\/wp-json\/wp\/v2\/media?parent=1966"}],"wp:term":[{"taxonomy":"product_brand","embeddable":true,"href":"https:\/\/zois.al\/sq\/wp-json\/wp\/v2\/product_brand?post=1966"},{"taxonomy":"product_cat","embeddable":true,"href":"https:\/\/zois.al\/sq\/wp-json\/wp\/v2\/product_cat?post=1966"},{"taxonomy":"product_tag","embeddable":true,"href":"https:\/\/zois.al\/sq\/wp-json\/wp\/v2\/product_tag?post=1966"}],"curies":[{"name":"wp","href":"https:\/\/api.w.org\/{rel}","templated":true}]}}