{"id":1967,"date":"2023-01-19T22:34:04","date_gmt":"2023-01-19T22:34:04","guid":{"rendered":"http:\/\/localhost\/zois\/?post_type=product&#038;p=1967"},"modified":"2024-12-03T19:38:54","modified_gmt":"2024-12-03T19:38:54","slug":"follicle-activ-set","status":"publish","type":"product","link":"https:\/\/zois.al\/sq\/produkt\/follicle-activ-set\/","title":{"rendered":"FOLLICLE ACTIV SET"},"content":{"rendered":"<p>&#8211; Kujdesi kund\u00ebr r\u00ebnies s\u00eb flok\u00ebve &#8211;<\/p>\n<p><strong>Deri n\u00eb 95% p\u00ebrb\u00ebr\u00ebs aktiv\u00eb me origjin\u00eb natyrale<\/strong><\/p>\n<p><strong>P\u00ebrdorimi:<\/strong><\/p>\n<p>Ndiqni udh\u00ebzimet e disponueshme n\u00eb produktet individuale.<\/p>\n<p><strong>P\u00ebrb\u00ebr\u00ebsit:<\/strong><\/p>\n<p style=\"text-align: justify;\">Lista e p\u00ebrb\u00ebr\u00ebsve t\u00eb p\u00ebrdorur n\u00eb formulimin e produkteve t\u00eb flok\u00ebve modifikohet rregullisht. Para p\u00ebrdorimit, sigurohuni q\u00eb t\u00eb kontrolloni list\u00ebn e p\u00ebrb\u00ebr\u00ebsve n\u00eb paketim p\u00ebr t\u00eb verifikuar se p\u00ebrb\u00ebr\u00ebsit jan\u00eb t\u00eb p\u00ebrshtatsh\u00ebm p\u00ebr p\u00ebrdorimin tuaj personal.<\/p>\n<p><strong>\u00a0<\/strong><\/p>","protected":false},"excerpt":{"rendered":"<p><strong>Serumi 50 ml &amp; Shampo 200 ml &amp; Locioni 100 ml<\/strong><\/p>\n<p style=\"text-align: justify;\">Kujdesi thelb\u00ebsor kund\u00ebr r\u00ebnies s\u00eb flok\u00ebve \u00ebsht\u00eb mbledhur n\u00eb k\u00ebt\u00eb kuti. I p\u00ebrb\u00ebr\u00eb nga nj\u00eb serum, nj\u00eb shampo pastruese dhe nj\u00eb locion, ai trajton r\u00ebnien e flok\u00ebve fal\u00eb nj\u00eb protokolli t\u00eb plot\u00eb, shum\u00eb sinergjik.<\/p>","protected":false},"featured_media":1959,"comment_status":"open","ping_status":"closed","template":"","meta":{"site-sidebar-layout":"default","site-content-layout":"default","ast-site-content-layout":"default","site-content-style":"default","site-sidebar-style":"default","ast-global-header-display":"","ast-banner-title-visibility":"","ast-main-header-display":"","ast-hfb-above-header-display":"","ast-hfb-below-header-display":"","ast-hfb-mobile-header-display":"","site-post-title":"","ast-breadcrumbs-content":"","ast-featured-img":"","footer-sml-layout":"","ast-disable-related-posts":"","theme-transparent-header-meta":"default","adv-header-id-meta":"","stick-header-meta":"","header-above-stick-meta":"","header-main-stick-meta":"","header-below-stick-meta":"","astra-migrate-meta-layouts":"default","ast-page-background-enabled":"default","ast-page-background-meta":{"desktop":{"background-color":"var(--ast-global-color-4)","background-image":"","background-repeat":"repeat","background-position":"center center","background-size":"auto","background-attachment":"scroll","background-type":"","background-media":"","overlay-type":"","overlay-color":"","overlay-opacity":"","overlay-gradient":""},"tablet":{"background-color":"","background-image":"","background-repeat":"repeat","background-position":"center center","background-size":"auto","background-attachment":"scroll","background-type":"","background-media":"","overlay-type":"","overlay-color":"","overlay-opacity":"","overlay-gradient":""},"mobile":{"background-color":"","background-image":"","background-repeat":"repeat","background-position":"center center","background-size":"auto","background-attachment":"scroll","background-type":"","background-media":"","overlay-type":"","overlay-color":"","overlay-opacity":"","overlay-gradient":""}},"ast-content-background-meta":{"desktop":{"background-color":"var(--ast-global-color-5)","background-image":"","background-repeat":"repeat","background-position":"center center","background-size":"auto","background-attachment":"scroll","background-type":"","background-media":"","overlay-type":"","overlay-color":"","overlay-opacity":"","overlay-gradient":""},"tablet":{"background-color":"var(--ast-global-color-5)","background-image":"","background-repeat":"repeat","background-position":"center center","background-size":"auto","background-attachment":"scroll","background-type":"","background-media":"","overlay-type":"","overlay-color":"","overlay-opacity":"","overlay-gradient":""},"mobile":{"background-color":"var(--ast-global-color-5)","background-image":"","background-repeat":"repeat","background-position":"center center","background-size":"auto","background-attachment":"scroll","background-type":"","background-media":"","overlay-type":"","overlay-color":"","overlay-opacity":"","overlay-gradient":""}}},"product_brand":[],"product_cat":[57,28],"product_tag":[],"class_list":{"0":"post-1967","1":"product","2":"type-product","3":"status-publish","4":"has-post-thumbnail","6":"product_cat-follicle-activ","7":"product_cat-hairfax","8":"desktop-align-left","9":"tablet-align-left","10":"mobile-align-left","12":"first","13":"instock","14":"shipping-taxable","15":"purchasable","16":"product-type-simple"},"_links":{"self":[{"href":"https:\/\/zois.al\/sq\/wp-json\/wp\/v2\/product\/1967","targetHints":{"allow":["GET"]}}],"collection":[{"href":"https:\/\/zois.al\/sq\/wp-json\/wp\/v2\/product"}],"about":[{"href":"https:\/\/zois.al\/sq\/wp-json\/wp\/v2\/types\/product"}],"replies":[{"embeddable":true,"href":"https:\/\/zois.al\/sq\/wp-json\/wp\/v2\/comments?post=1967"}],"wp:featuredmedia":[{"embeddable":true,"href":"https:\/\/zois.al\/sq\/wp-json\/wp\/v2\/media\/1959"}],"wp:attachment":[{"href":"https:\/\/zois.al\/sq\/wp-json\/wp\/v2\/media?parent=1967"}],"wp:term":[{"taxonomy":"product_brand","embeddable":true,"href":"https:\/\/zois.al\/sq\/wp-json\/wp\/v2\/product_brand?post=1967"},{"taxonomy":"product_cat","embeddable":true,"href":"https:\/\/zois.al\/sq\/wp-json\/wp\/v2\/product_cat?post=1967"},{"taxonomy":"product_tag","embeddable":true,"href":"https:\/\/zois.al\/sq\/wp-json\/wp\/v2\/product_tag?post=1967"}],"curies":[{"name":"wp","href":"https:\/\/api.w.org\/{rel}","templated":true}]}}