{"id":1968,"date":"2023-01-19T22:35:45","date_gmt":"2023-01-19T22:35:45","guid":{"rendered":"http:\/\/localhost\/zois\/?post_type=product&#038;p=1968"},"modified":"2024-12-03T19:38:54","modified_gmt":"2024-12-03T19:38:54","slug":"follicle-activ-serum","status":"publish","type":"product","link":"https:\/\/zois.al\/sq\/produkt\/follicle-activ-serum\/","title":{"rendered":"FOLLICLE ACTIV SERUM"},"content":{"rendered":"<p>&#8211; Kujdesi para p\u00ebrdorimit t\u00eb shampos &#8211;<\/p>\n<p><strong>82% p\u00ebrb\u00ebr\u00ebs me origjin\u00eb natyrale<\/strong><\/p>\n<p><strong>P\u00ebrfitimet:<\/strong><\/p>\n<ul>\n<li>Intensifikon veprimin e trajtimeve t\u00eb tjera<\/li>\n<li>Aktivizon mikroqarkullimin<\/li>\n<li>Hidraton skalpin<\/li>\n<\/ul>\n<p style=\"text-align: left;\"><strong>P\u00ebrdorimi:<\/strong><\/p>\n<p style=\"text-align: justify;\">Aplikojeni 15 deri n\u00eb 20 minuta para se ti lani flok\u00ebt me shampo. Hidhni 2 deri n\u00eb 3 sprucime, masazhojeni, l\u00ebreni t\u00eb q\u00ebndroj\u00eb, shp\u00eblajeni dhe m\u00eb pas lajeni me shampo.<\/p>\n<p style=\"text-align: justify;\">Lani duart mir\u00eb pas p\u00ebrdorimit.<\/p>\n<p style=\"text-align: justify;\">Sugjerohet t\u00eb p\u00ebrdoret 1 deri n\u00eb 3 her\u00eb n\u00eb jav\u00eb.<\/p>\n<p style=\"text-align: justify;\"><strong>P\u00ebrb\u00ebr\u00ebsit:<\/strong><\/p>\n<p style=\"text-align: justify;\">Uj\u00eb, camellia oleifera seed oil, alcohol denat., squalane, sodium chloride, tetrasodium disuccinoyl cystine, glycerin, ethylhexyl methoxycinnamate, xylitol, lactitol, capsicum frutescens fruit extract, tocopheryl acetate, pinus sylvestris oil, citrus medica limonel oil, limonene, ethylhexyl salicylate, butyl methoxydibenzoylmethane, melaleuca alternifolia (tea tree) leaf oil, cananga odorata flower oil, coriandrum sativum (coriander) fruit oil, linalool, disodium edta, citrus aurantifolia (lime) oil, eugenia caryophyllus bud oil \/ eugenia caryophyllus bud oil \/ eugenia caryophyllus bud oil caryphyllus (clove) flower oil, thymus vulgaris flower\/leaf oil \/ thymus vulgaris (thyme) oil, rosmarinus officinalis (rosemary) leaf oil, pogostemon cablin leaf oil, santalum album (sandalwood) oil, commiphora myrrha oil, eugenol, tromethamine.<\/p>\n<p style=\"text-align: justify;\">Lista e p\u00ebrb\u00ebr\u00ebsve t\u00eb p\u00ebrdorur n\u00eb formulimin e produkteve t\u00eb flok\u00ebve modifikohet rregullisht. Para p\u00ebrdorimit, sigurohuni q\u00eb t\u00eb kontrolloni list\u00ebn e p\u00ebrb\u00ebr\u00ebsve n\u00eb paketim p\u00ebr t\u00eb verifikuar se p\u00ebrb\u00ebr\u00ebsit jan\u00eb t\u00eb p\u00ebrshtatsh\u00ebm p\u00ebr p\u00ebrdorimin tuaj personal.<\/p>\n<p>&nbsp;<\/p>","protected":false},"excerpt":{"rendered":"<p><strong>50 ml <\/strong><\/p>\n<p style=\"text-align: justify;\">Formuluar posa\u00e7\u00ebrisht me baz\u00eb t\u00eb bim\u00ebve me veti stimuluese dhe sinergjike p\u00ebr aktivizimin e mikroqarkullimit, dhe eliminimin e toksinave nga skalpi. Flok\u00ebt tuaj do t\u00eb jen\u00eb m\u00eb t\u00eb bukur e m\u00eb t\u00eb fort\u00eb.<\/p>","protected":false},"featured_media":1956,"comment_status":"open","ping_status":"closed","template":"","meta":{"site-sidebar-layout":"default","site-content-layout":"default","ast-site-content-layout":"default","site-content-style":"default","site-sidebar-style":"default","ast-global-header-display":"","ast-banner-title-visibility":"","ast-main-header-display":"","ast-hfb-above-header-display":"","ast-hfb-below-header-display":"","ast-hfb-mobile-header-display":"","site-post-title":"","ast-breadcrumbs-content":"","ast-featured-img":"","footer-sml-layout":"","ast-disable-related-posts":"","theme-transparent-header-meta":"default","adv-header-id-meta":"","stick-header-meta":"","header-above-stick-meta":"","header-main-stick-meta":"","header-below-stick-meta":"","astra-migrate-meta-layouts":"default","ast-page-background-enabled":"default","ast-page-background-meta":{"desktop":{"background-color":"var(--ast-global-color-4)","background-image":"","background-repeat":"repeat","background-position":"center center","background-size":"auto","background-attachment":"scroll","background-type":"","background-media":"","overlay-type":"","overlay-color":"","overlay-opacity":"","overlay-gradient":""},"tablet":{"background-color":"","background-image":"","background-repeat":"repeat","background-position":"center center","background-size":"auto","background-attachment":"scroll","background-type":"","background-media":"","overlay-type":"","overlay-color":"","overlay-opacity":"","overlay-gradient":""},"mobile":{"background-color":"","background-image":"","background-repeat":"repeat","background-position":"center center","background-size":"auto","background-attachment":"scroll","background-type":"","background-media":"","overlay-type":"","overlay-color":"","overlay-opacity":"","overlay-gradient":""}},"ast-content-background-meta":{"desktop":{"background-color":"var(--ast-global-color-5)","background-image":"","background-repeat":"repeat","background-position":"center center","background-size":"auto","background-attachment":"scroll","background-type":"","background-media":"","overlay-type":"","overlay-color":"","overlay-opacity":"","overlay-gradient":""},"tablet":{"background-color":"var(--ast-global-color-5)","background-image":"","background-repeat":"repeat","background-position":"center center","background-size":"auto","background-attachment":"scroll","background-type":"","background-media":"","overlay-type":"","overlay-color":"","overlay-opacity":"","overlay-gradient":""},"mobile":{"background-color":"var(--ast-global-color-5)","background-image":"","background-repeat":"repeat","background-position":"center center","background-size":"auto","background-attachment":"scroll","background-type":"","background-media":"","overlay-type":"","overlay-color":"","overlay-opacity":"","overlay-gradient":""}}},"product_brand":[],"product_cat":[57,28],"product_tag":[],"class_list":{"0":"post-1968","1":"product","2":"type-product","3":"status-publish","4":"has-post-thumbnail","6":"product_cat-follicle-activ","7":"product_cat-hairfax","8":"desktop-align-left","9":"tablet-align-left","10":"mobile-align-left","12":"first","13":"instock","14":"shipping-taxable","15":"purchasable","16":"product-type-simple"},"_links":{"self":[{"href":"https:\/\/zois.al\/sq\/wp-json\/wp\/v2\/product\/1968","targetHints":{"allow":["GET"]}}],"collection":[{"href":"https:\/\/zois.al\/sq\/wp-json\/wp\/v2\/product"}],"about":[{"href":"https:\/\/zois.al\/sq\/wp-json\/wp\/v2\/types\/product"}],"replies":[{"embeddable":true,"href":"https:\/\/zois.al\/sq\/wp-json\/wp\/v2\/comments?post=1968"}],"wp:featuredmedia":[{"embeddable":true,"href":"https:\/\/zois.al\/sq\/wp-json\/wp\/v2\/media\/1956"}],"wp:attachment":[{"href":"https:\/\/zois.al\/sq\/wp-json\/wp\/v2\/media?parent=1968"}],"wp:term":[{"taxonomy":"product_brand","embeddable":true,"href":"https:\/\/zois.al\/sq\/wp-json\/wp\/v2\/product_brand?post=1968"},{"taxonomy":"product_cat","embeddable":true,"href":"https:\/\/zois.al\/sq\/wp-json\/wp\/v2\/product_cat?post=1968"},{"taxonomy":"product_tag","embeddable":true,"href":"https:\/\/zois.al\/sq\/wp-json\/wp\/v2\/product_tag?post=1968"}],"curies":[{"name":"wp","href":"https:\/\/api.w.org\/{rel}","templated":true}]}}