{"id":1969,"date":"2023-01-19T22:38:14","date_gmt":"2023-01-19T22:38:14","guid":{"rendered":"http:\/\/localhost\/zois\/?post_type=product&#038;p=1969"},"modified":"2024-12-03T19:38:54","modified_gmt":"2024-12-03T19:38:54","slug":"comfort-plus-shampoo","status":"publish","type":"product","link":"https:\/\/zois.al\/sq\/produkt\/comfort-plus-shampoo\/","title":{"rendered":"COMFORT PLUS SHAMPOO"},"content":{"rendered":"<p><strong>94% p\u00ebrb\u00ebr\u00ebs me origjin\u00eb natyrale<\/strong><\/p>\n<p><strong>P\u00ebrfitimet:<\/strong><\/p>\n<ul>\n<li>Pastron but\u00ebsisht<\/li>\n<li>Qet\u00ebson parehatin\u00eb n\u00eb skalpin tuaj<\/li>\n<li>Redukton ndjeshm\u00ebrin\u00eb e l\u00ebkur\u00ebs<\/li>\n<\/ul>\n<p style=\"text-align: left;\"><strong>P\u00ebrdorimi:<\/strong><\/p>\n<p style=\"text-align: justify;\">Aplikoni 1 sasi t\u00eb vog\u00ebl n\u00eb flok\u00eb t\u00eb lagur, masazhoni dhe m\u00eb pas shp\u00eblajeni t\u00ebr\u00ebsisht.\u00a0Riaplikoni n\u00ebse \u00ebsht\u00eb e nevojshme.<\/p>\n<p style=\"text-align: justify;\">K\u00ebshillohet t\u00eb p\u00ebrdoret \u00e7do dit\u00eb ose 1 deri n\u00eb 3 her\u00eb n\u00eb jav\u00eb.<\/p>\n<p style=\"text-align: left;\"><strong>P\u00ebrb\u00ebr\u00ebsit:<\/strong><\/p>\n<p style=\"text-align: justify;\">Uj\u00eb, sodium lauroyl methyl isethionate, cocamidopropyl betaine, decyl glucoside, diglycerin, sodium cocoamphoacetate, bacopa monniera extract, glycerin, menthyl lactate, phenoxyethanol, ppg-26-buteth-26, peg-40 hydrogenated castor oil, peg-7 glyceryl cocoate, butylene glycol, citric acid, polyquaternium-10, tetrasodium disuccinoyl cystine, disodium edta, polyquaternium-11, juniperus virginiana oil, hydroxyethyl cellulose, potassium sorbate, caprylyl glycol, magnesium nitrate, sodium benzoate, gossypium herbaceum, lium excotton) candidum bulb extract, methylchloroisothiazolinone, magnesium chloride, methylisothiazolinone.<\/p>\n<p style=\"text-align: left;\">Lista e p\u00ebrb\u00ebr\u00ebsve t\u00eb p\u00ebrdorur n\u00eb formulimin e produkteve t\u00eb flok\u00ebve modifikohet rregullisht. Para p\u00ebrdorimit, sigurohuni q\u00eb t\u00eb kontrolloni list\u00ebn e p\u00ebrb\u00ebr\u00ebsve n\u00eb paketim p\u00ebr t\u00eb verifikuar se p\u00ebrb\u00ebr\u00ebsit jan\u00eb t\u00eb p\u00ebrshtatsh\u00ebm p\u00ebr p\u00ebrdorimin tuaj personal.<\/p>","protected":false},"excerpt":{"rendered":"<p><strong>200 ml <\/strong><\/p>\n<p style=\"text-align: justify;\">E formuluar p\u00ebr t\u00eb rregulluar mikroflor\u00ebn e l\u00ebkur\u00ebs p\u00ebr t\u00eb luftuar parehatin\u00eb, ky produkt p\u00ebrmban Cedar, Pambuk dhe Zambak. Nidhmon n\u00eb zbutjen dhe sh\u00ebrimin e skalpit t\u00eb kok\u00ebs. Me p\u00ebrdorimin e shampos flok\u00ebt do t\u00eb ndihen m\u00eb t\u00eb plot\u00eb dhe skalpi i qet\u00ebsuar.<\/p>","protected":false},"featured_media":1961,"comment_status":"open","ping_status":"closed","template":"","meta":{"site-sidebar-layout":"default","site-content-layout":"default","ast-site-content-layout":"default","site-content-style":"default","site-sidebar-style":"default","ast-global-header-display":"","ast-banner-title-visibility":"","ast-main-header-display":"","ast-hfb-above-header-display":"","ast-hfb-below-header-display":"","ast-hfb-mobile-header-display":"","site-post-title":"","ast-breadcrumbs-content":"","ast-featured-img":"","footer-sml-layout":"","ast-disable-related-posts":"","theme-transparent-header-meta":"default","adv-header-id-meta":"","stick-header-meta":"","header-above-stick-meta":"","header-main-stick-meta":"","header-below-stick-meta":"","astra-migrate-meta-layouts":"default","ast-page-background-enabled":"default","ast-page-background-meta":{"desktop":{"background-color":"var(--ast-global-color-4)","background-image":"","background-repeat":"repeat","background-position":"center center","background-size":"auto","background-attachment":"scroll","background-type":"","background-media":"","overlay-type":"","overlay-color":"","overlay-opacity":"","overlay-gradient":""},"tablet":{"background-color":"","background-image":"","background-repeat":"repeat","background-position":"center center","background-size":"auto","background-attachment":"scroll","background-type":"","background-media":"","overlay-type":"","overlay-color":"","overlay-opacity":"","overlay-gradient":""},"mobile":{"background-color":"","background-image":"","background-repeat":"repeat","background-position":"center center","background-size":"auto","background-attachment":"scroll","background-type":"","background-media":"","overlay-type":"","overlay-color":"","overlay-opacity":"","overlay-gradient":""}},"ast-content-background-meta":{"desktop":{"background-color":"var(--ast-global-color-5)","background-image":"","background-repeat":"repeat","background-position":"center center","background-size":"auto","background-attachment":"scroll","background-type":"","background-media":"","overlay-type":"","overlay-color":"","overlay-opacity":"","overlay-gradient":""},"tablet":{"background-color":"var(--ast-global-color-5)","background-image":"","background-repeat":"repeat","background-position":"center center","background-size":"auto","background-attachment":"scroll","background-type":"","background-media":"","overlay-type":"","overlay-color":"","overlay-opacity":"","overlay-gradient":""},"mobile":{"background-color":"var(--ast-global-color-5)","background-image":"","background-repeat":"repeat","background-position":"center center","background-size":"auto","background-attachment":"scroll","background-type":"","background-media":"","overlay-type":"","overlay-color":"","overlay-opacity":"","overlay-gradient":""}}},"product_brand":[],"product_cat":[58,28],"product_tag":[],"class_list":{"0":"post-1969","1":"product","2":"type-product","3":"status-publish","4":"has-post-thumbnail","6":"product_cat-comfort-plus","7":"product_cat-hairfax","8":"desktop-align-left","9":"tablet-align-left","10":"mobile-align-left","12":"first","13":"instock","14":"shipping-taxable","15":"purchasable","16":"product-type-simple"},"_links":{"self":[{"href":"https:\/\/zois.al\/sq\/wp-json\/wp\/v2\/product\/1969","targetHints":{"allow":["GET"]}}],"collection":[{"href":"https:\/\/zois.al\/sq\/wp-json\/wp\/v2\/product"}],"about":[{"href":"https:\/\/zois.al\/sq\/wp-json\/wp\/v2\/types\/product"}],"replies":[{"embeddable":true,"href":"https:\/\/zois.al\/sq\/wp-json\/wp\/v2\/comments?post=1969"}],"wp:featuredmedia":[{"embeddable":true,"href":"https:\/\/zois.al\/sq\/wp-json\/wp\/v2\/media\/1961"}],"wp:attachment":[{"href":"https:\/\/zois.al\/sq\/wp-json\/wp\/v2\/media?parent=1969"}],"wp:term":[{"taxonomy":"product_brand","embeddable":true,"href":"https:\/\/zois.al\/sq\/wp-json\/wp\/v2\/product_brand?post=1969"},{"taxonomy":"product_cat","embeddable":true,"href":"https:\/\/zois.al\/sq\/wp-json\/wp\/v2\/product_cat?post=1969"},{"taxonomy":"product_tag","embeddable":true,"href":"https:\/\/zois.al\/sq\/wp-json\/wp\/v2\/product_tag?post=1969"}],"curies":[{"name":"wp","href":"https:\/\/api.w.org\/{rel}","templated":true}]}}