{"id":1970,"date":"2023-01-19T22:40:57","date_gmt":"2023-01-19T22:40:57","guid":{"rendered":"http:\/\/localhost\/zois\/?post_type=product&#038;p=1970"},"modified":"2024-12-03T19:38:54","modified_gmt":"2024-12-03T19:38:54","slug":"comfort-plus-lotion","status":"publish","type":"product","link":"https:\/\/zois.al\/sq\/produkt\/comfort-plus-lotion\/","title":{"rendered":"COMFORT PLUS LOTION"},"content":{"rendered":"<p>&#8211; Kujdesi ditor &#8211;<\/p>\n<p><strong>94% p\u00ebrb\u00ebr\u00ebs me origjin\u00eb natyrore<\/strong><\/p>\n<p><strong>P\u00ebrfitime:<\/strong><\/p>\n<ul>\n<li>Ribalancat mikroflor\u00ebn e l\u00ebkur\u00ebs<\/li>\n<li>Qet\u00ebson kruajtjen<\/li>\n<li>Hidraton dhe zbut skalpin<\/li>\n<\/ul>\n<p style=\"text-align: left;\"><strong>P\u00ebrdorimi:<\/strong><\/p>\n<p style=\"text-align: justify;\">Mund\u00ebsisht t\u00eb p\u00ebrdoret n\u00eb m\u00ebngjes.<\/p>\n<p style=\"text-align: justify;\">10 sprucime apikojini n\u00eb skalp dhe m\u00eb pas e masazhoni. Pa shplarje.<\/p>\n<p style=\"text-align: justify;\">K\u00ebshillohet t\u00eb p\u00ebrdoret 1 deri n\u00eb 2 her\u00eb n\u00eb dit\u00eb.<\/p>\n<p style=\"text-align: justify;\"><strong>P\u00ebrb\u00ebr\u00ebsit:<\/strong><\/p>\n<p style=\"text-align: justify;\">Uj\u00eb, glicerin\u00eb, pentylene glycol, tetrasodium disuccinoyl cystine, bacopa monniera extract, ppg-26-buteth-26, peg-40 hydrogenated castor oil, phenoxyethanol, menthyl lactate, butylene glycol, xylitol, lactitol, citric acid, chlorphenesin, papaver rhoeas flower water, ethylhexylglycerin, juniperus virginiana oil, hydroxyethylcellulose, alkool, tris(tetramethylhydroxypiperidinol) citrate, potassium sorbate, tocopherol, sodium benzoate, gossypium herbaceum (cotton) seed extract.<\/p>\n<p style=\"text-align: justify;\">Lista e p\u00ebrb\u00ebr\u00ebsve t\u00eb p\u00ebrdorur n\u00eb formulimin e produkteve t\u00eb flok\u00ebve modifikohet rregullisht. Para p\u00ebrdorimit, sigurohuni q\u00eb t\u00eb kontrolloni list\u00ebn e p\u00ebrb\u00ebr\u00ebsve n\u00eb paketim p\u00ebr t\u00eb verifikuar se p\u00ebrb\u00ebr\u00ebsit jan\u00eb t\u00eb p\u00ebrshtatsh\u00ebm p\u00ebr p\u00ebrdorimin tuaj personal.<\/p>\n<p>&nbsp;<\/p>\n<p>&nbsp;<\/p>","protected":false},"excerpt":{"rendered":"<p><strong>100 ml<\/strong><\/p>\n<p style=\"text-align: justify;\">Formuluar posa\u00e7\u00ebrisht p\u00ebr t\u00eb luftuar parehatin\u00eb dhe problematikat n\u00eb flokun tuaj. P\u00ebrb\u00ebrja e produktit \u00ebsht\u00eb e bazuar n\u00eb ekstrakte bimore dhe nj\u00eb kompleks qet\u00ebsues q\u00eb b\u00ebjn\u00eb t\u00eb mundur detoksifikimin e skalpit. N\u00eb k\u00ebt\u00eb m\u00ebnyr\u00eb flok\u00ebt rimarrin forc\u00ebn dhe gjall\u00ebrin\u00eb e tyre kurse skalpi hidratohet dhe zbutet.<\/p>","protected":false},"featured_media":1948,"comment_status":"open","ping_status":"closed","template":"","meta":{"site-sidebar-layout":"default","site-content-layout":"default","ast-site-content-layout":"default","site-content-style":"default","site-sidebar-style":"default","ast-global-header-display":"","ast-banner-title-visibility":"","ast-main-header-display":"","ast-hfb-above-header-display":"","ast-hfb-below-header-display":"","ast-hfb-mobile-header-display":"","site-post-title":"","ast-breadcrumbs-content":"","ast-featured-img":"","footer-sml-layout":"","ast-disable-related-posts":"","theme-transparent-header-meta":"default","adv-header-id-meta":"","stick-header-meta":"","header-above-stick-meta":"","header-main-stick-meta":"","header-below-stick-meta":"","astra-migrate-meta-layouts":"default","ast-page-background-enabled":"default","ast-page-background-meta":{"desktop":{"background-color":"var(--ast-global-color-4)","background-image":"","background-repeat":"repeat","background-position":"center center","background-size":"auto","background-attachment":"scroll","background-type":"","background-media":"","overlay-type":"","overlay-color":"","overlay-opacity":"","overlay-gradient":""},"tablet":{"background-color":"","background-image":"","background-repeat":"repeat","background-position":"center center","background-size":"auto","background-attachment":"scroll","background-type":"","background-media":"","overlay-type":"","overlay-color":"","overlay-opacity":"","overlay-gradient":""},"mobile":{"background-color":"","background-image":"","background-repeat":"repeat","background-position":"center center","background-size":"auto","background-attachment":"scroll","background-type":"","background-media":"","overlay-type":"","overlay-color":"","overlay-opacity":"","overlay-gradient":""}},"ast-content-background-meta":{"desktop":{"background-color":"var(--ast-global-color-5)","background-image":"","background-repeat":"repeat","background-position":"center center","background-size":"auto","background-attachment":"scroll","background-type":"","background-media":"","overlay-type":"","overlay-color":"","overlay-opacity":"","overlay-gradient":""},"tablet":{"background-color":"var(--ast-global-color-5)","background-image":"","background-repeat":"repeat","background-position":"center center","background-size":"auto","background-attachment":"scroll","background-type":"","background-media":"","overlay-type":"","overlay-color":"","overlay-opacity":"","overlay-gradient":""},"mobile":{"background-color":"var(--ast-global-color-5)","background-image":"","background-repeat":"repeat","background-position":"center center","background-size":"auto","background-attachment":"scroll","background-type":"","background-media":"","overlay-type":"","overlay-color":"","overlay-opacity":"","overlay-gradient":""}}},"product_brand":[],"product_cat":[58,28],"product_tag":[],"class_list":{"0":"post-1970","1":"product","2":"type-product","3":"status-publish","4":"has-post-thumbnail","6":"product_cat-comfort-plus","7":"product_cat-hairfax","8":"desktop-align-left","9":"tablet-align-left","10":"mobile-align-left","12":"first","13":"instock","14":"shipping-taxable","15":"purchasable","16":"product-type-simple"},"_links":{"self":[{"href":"https:\/\/zois.al\/sq\/wp-json\/wp\/v2\/product\/1970","targetHints":{"allow":["GET"]}}],"collection":[{"href":"https:\/\/zois.al\/sq\/wp-json\/wp\/v2\/product"}],"about":[{"href":"https:\/\/zois.al\/sq\/wp-json\/wp\/v2\/types\/product"}],"replies":[{"embeddable":true,"href":"https:\/\/zois.al\/sq\/wp-json\/wp\/v2\/comments?post=1970"}],"wp:featuredmedia":[{"embeddable":true,"href":"https:\/\/zois.al\/sq\/wp-json\/wp\/v2\/media\/1948"}],"wp:attachment":[{"href":"https:\/\/zois.al\/sq\/wp-json\/wp\/v2\/media?parent=1970"}],"wp:term":[{"taxonomy":"product_brand","embeddable":true,"href":"https:\/\/zois.al\/sq\/wp-json\/wp\/v2\/product_brand?post=1970"},{"taxonomy":"product_cat","embeddable":true,"href":"https:\/\/zois.al\/sq\/wp-json\/wp\/v2\/product_cat?post=1970"},{"taxonomy":"product_tag","embeddable":true,"href":"https:\/\/zois.al\/sq\/wp-json\/wp\/v2\/product_tag?post=1970"}],"curies":[{"name":"wp","href":"https:\/\/api.w.org\/{rel}","templated":true}]}}