{"id":1976,"date":"2023-01-19T22:52:53","date_gmt":"2023-01-19T22:52:53","guid":{"rendered":"http:\/\/localhost\/zois\/?post_type=product&#038;p=1976"},"modified":"2024-12-03T19:38:54","modified_gmt":"2024-12-03T19:38:54","slug":"balance-regul-serum","status":"publish","type":"product","link":"https:\/\/zois.al\/sq\/produkt\/balance-regul-serum\/","title":{"rendered":"BALANCE REGUL SERUM"},"content":{"rendered":"<p>&#8211; Kujdesi para shampos &#8211;<\/p>\n<p><strong>86% p\u00ebrb\u00ebr\u00ebs me origjin\u00eb natyrale<\/strong><\/p>\n<p><strong>P\u00ebrfitimet:<\/strong><\/p>\n<ul>\n<li>Intensifikon veprimin e trajtimeve t\u00eb tjera<\/li>\n<li>Aktivizon mikroqarkullimin<\/li>\n<li>Hidraton skalpin<\/li>\n<\/ul>\n<p style=\"text-align: left;\"><strong>P\u00ebrdorimi:<\/strong><\/p>\n<p style=\"text-align: justify;\">Aplikojeni 15 deri n\u00eb 20 minuta para se ti lani flok\u00ebt me shampo.\u00a02 deri n\u00eb 3 sprucime, masazhojini, l\u00ebreni t\u00eb veprojn\u00eb, shp\u00eblajeni\u00a0 dhe m\u00eb pas lajeni me shampo.<\/p>\n<p style=\"text-align: left;\">Lani duart mir\u00eb pas p\u00ebrdorimit.<\/p>\n<p style=\"text-align: left;\">K\u00ebshillohet p\u00ebrdorimi 1 deri n\u00eb 3 her\u00eb n\u00eb jav\u00eb.<\/p>\n<p style=\"text-align: left;\"><strong>P\u00ebrb\u00ebr\u00ebsit:<\/strong><\/p>\n<p style=\"text-align: justify;\">Helianthus annuus hybrid oil, parfum \/ fragrance, caprylic\/capric triglyceride, carthamus tinctorius (safflower) seed oil, linalool, argania spinosa kernel oil, calendula officinalis flower extract, limonene, tocopheryl acetate, citrus limon (lemon) peel oil, rosmarinus officinalis ( rosemary) leaf oil, mentha piperita (peppermint) oil, coumarin, vetiveria zizanoides root oil, canarium commune gum oil, pogostemon cablin leaf oil, geraniol, eugenia caryophyllus (clove) bud oil.<\/p>\n<p style=\"text-align: justify;\">Lista e p\u00ebrb\u00ebr\u00ebsve t\u00eb p\u00ebrdorur n\u00eb formulimin e produkteve t\u00eb flok\u00ebve modifikohet rregullisht. Para p\u00ebrdorimit, sigurohuni q\u00eb t\u00eb kontrolloni list\u00ebn e p\u00ebrb\u00ebr\u00ebsve n\u00eb paketim p\u00ebr t\u00eb verifikuar se p\u00ebrb\u00ebr\u00ebsit jan\u00eb t\u00eb p\u00ebrshtatsh\u00ebm p\u00ebr p\u00ebrdorimin tuaj personal.<\/p>\n<p>&nbsp;<\/p>","protected":false},"excerpt":{"rendered":"<p style=\"text-align: left;\"><strong>50 ml<\/strong><\/p>\n<p style=\"text-align: justify;\">I pasuruar me vajra bimore rigjeneruese, si Argani dhe Safflower dhe nj\u00eb kompleks aktiv me 7 bim\u00eb. Ky produkt eliminon zbokthin dhe ribalancon gjendjen e skalpit. Veprimi i tij qet\u00ebsues ofron kujdes p\u00ebr flok\u00ebt q\u00eb vepron n\u00eb thell\u00ebsi.<\/p>","protected":false},"featured_media":1955,"comment_status":"open","ping_status":"closed","template":"","meta":{"site-sidebar-layout":"default","site-content-layout":"default","ast-site-content-layout":"default","site-content-style":"default","site-sidebar-style":"default","ast-global-header-display":"","ast-banner-title-visibility":"","ast-main-header-display":"","ast-hfb-above-header-display":"","ast-hfb-below-header-display":"","ast-hfb-mobile-header-display":"","site-post-title":"","ast-breadcrumbs-content":"","ast-featured-img":"","footer-sml-layout":"","ast-disable-related-posts":"","theme-transparent-header-meta":"default","adv-header-id-meta":"","stick-header-meta":"","header-above-stick-meta":"","header-main-stick-meta":"","header-below-stick-meta":"","astra-migrate-meta-layouts":"default","ast-page-background-enabled":"default","ast-page-background-meta":{"desktop":{"background-color":"var(--ast-global-color-4)","background-image":"","background-repeat":"repeat","background-position":"center center","background-size":"auto","background-attachment":"scroll","background-type":"","background-media":"","overlay-type":"","overlay-color":"","overlay-opacity":"","overlay-gradient":""},"tablet":{"background-color":"","background-image":"","background-repeat":"repeat","background-position":"center center","background-size":"auto","background-attachment":"scroll","background-type":"","background-media":"","overlay-type":"","overlay-color":"","overlay-opacity":"","overlay-gradient":""},"mobile":{"background-color":"","background-image":"","background-repeat":"repeat","background-position":"center center","background-size":"auto","background-attachment":"scroll","background-type":"","background-media":"","overlay-type":"","overlay-color":"","overlay-opacity":"","overlay-gradient":""}},"ast-content-background-meta":{"desktop":{"background-color":"var(--ast-global-color-5)","background-image":"","background-repeat":"repeat","background-position":"center center","background-size":"auto","background-attachment":"scroll","background-type":"","background-media":"","overlay-type":"","overlay-color":"","overlay-opacity":"","overlay-gradient":""},"tablet":{"background-color":"var(--ast-global-color-5)","background-image":"","background-repeat":"repeat","background-position":"center center","background-size":"auto","background-attachment":"scroll","background-type":"","background-media":"","overlay-type":"","overlay-color":"","overlay-opacity":"","overlay-gradient":""},"mobile":{"background-color":"var(--ast-global-color-5)","background-image":"","background-repeat":"repeat","background-position":"center center","background-size":"auto","background-attachment":"scroll","background-type":"","background-media":"","overlay-type":"","overlay-color":"","overlay-opacity":"","overlay-gradient":""}}},"product_brand":[],"product_cat":[59,28],"product_tag":[],"class_list":{"0":"post-1976","1":"product","2":"type-product","3":"status-publish","4":"has-post-thumbnail","6":"product_cat-balance-regul","7":"product_cat-hairfax","8":"desktop-align-left","9":"tablet-align-left","10":"mobile-align-left","12":"first","13":"instock","14":"shipping-taxable","15":"purchasable","16":"product-type-simple"},"_links":{"self":[{"href":"https:\/\/zois.al\/sq\/wp-json\/wp\/v2\/product\/1976","targetHints":{"allow":["GET"]}}],"collection":[{"href":"https:\/\/zois.al\/sq\/wp-json\/wp\/v2\/product"}],"about":[{"href":"https:\/\/zois.al\/sq\/wp-json\/wp\/v2\/types\/product"}],"replies":[{"embeddable":true,"href":"https:\/\/zois.al\/sq\/wp-json\/wp\/v2\/comments?post=1976"}],"wp:featuredmedia":[{"embeddable":true,"href":"https:\/\/zois.al\/sq\/wp-json\/wp\/v2\/media\/1955"}],"wp:attachment":[{"href":"https:\/\/zois.al\/sq\/wp-json\/wp\/v2\/media?parent=1976"}],"wp:term":[{"taxonomy":"product_brand","embeddable":true,"href":"https:\/\/zois.al\/sq\/wp-json\/wp\/v2\/product_brand?post=1976"},{"taxonomy":"product_cat","embeddable":true,"href":"https:\/\/zois.al\/sq\/wp-json\/wp\/v2\/product_cat?post=1976"},{"taxonomy":"product_tag","embeddable":true,"href":"https:\/\/zois.al\/sq\/wp-json\/wp\/v2\/product_tag?post=1976"}],"curies":[{"name":"wp","href":"https:\/\/api.w.org\/{rel}","templated":true}]}}