{"id":1977,"date":"2023-01-19T22:54:27","date_gmt":"2023-01-19T22:54:27","guid":{"rendered":"http:\/\/localhost\/zois\/?post_type=product&#038;p=1977"},"modified":"2024-12-03T19:38:54","modified_gmt":"2024-12-03T19:38:54","slug":"balance-regul-booster","status":"publish","type":"product","link":"https:\/\/zois.al\/sq\/produkt\/balance-regul-booster\/","title":{"rendered":"BALANCE REGUL BOOSTER"},"content":{"rendered":"<p>&#8211; Kujdesi gjat\u00eb nat\u00ebs &#8211;<\/p>\n<p><strong>93% p\u00ebrb\u00ebr\u00ebs me origjin\u00eb natyrore<\/strong><\/p>\n<p><strong>P\u00ebrfitimet:<\/strong><\/p>\n<ul>\n<li>Normalizon prodhimin e sebumit<\/li>\n<li>Hidraton dhe qet\u00ebson skalpin<\/li>\n<\/ul>\n<p style=\"text-align: left;\"><strong>P\u00ebrdorimi:<\/strong><\/p>\n<p style=\"text-align: justify;\">Aplikojeni gjat\u00eb nat\u00ebs. 1 deri n\u00eb 2 sprucime dhe m\u00eb pas masazhojeni. Pa shplarje.<\/p>\n<p style=\"text-align: left;\">K\u00ebshillohet p\u00ebrdorimi 1 deri n\u00eb 3 her\u00eb n\u00eb jav\u00eb.<\/p>\n<p style=\"text-align: left;\"><strong>P\u00ebrb\u00ebr\u00ebsit:<\/strong><\/p>\n<p style=\"text-align: justify;\">Uj\u00eb, lysine aspartate, tea-salicylate, pentylene glycol, tetrasodium disuccinoyl cystine, diglycerin, peg-6, glycerin, phenoxyethanol, xylitol, lactitol, propylene glycol, ppg-26-buteth-26, citric acid, peg-40 hydrogenated castor oil, chlorphenesin, parfum \/ fragrance, ethylhexylglycerin, lamium album flower extract, pinus sylvestris cone extract, arctium majus root extract, anthemis nobilis flower extract, rosmarinus officinalis (rosemary) leaf extract, hedera helix leaf extract \/ hedera helix (ivy) extract , arnica montana flower extract, nasturtium officinale extract, allium sativum (garlic) bulb extract, sodium hyaluronate, biotin, tocopherol.<\/p>\n<p style=\"text-align: justify;\">Lista e p\u00ebrb\u00ebr\u00ebsve t\u00eb p\u00ebrdorur n\u00eb formulimin e produkteve t\u00eb flok\u00ebve modifikohet rregullisht. Para p\u00ebrdorimit, sigurohuni q\u00eb t\u00eb kontrolloni list\u00ebn e p\u00ebrb\u00ebr\u00ebsve n\u00eb paketim p\u00ebr t\u00eb verifikuar se p\u00ebrb\u00ebr\u00ebsit jan\u00eb t\u00eb p\u00ebrshtatsh\u00ebm p\u00ebr p\u00ebrdorimin tuaj personal.<\/p>\n<p>&nbsp;<\/p>","protected":false},"excerpt":{"rendered":"<p><strong>50 ml<\/strong><\/p>\n<p style=\"text-align: justify;\">I formuluar p\u00ebr t\u00eb hidratuar thell\u00eb l\u00ebkur\u00ebn dhe p\u00ebr t\u00eb luftuar n\u00eb m\u00ebnyr\u00eb efektive kund\u00ebr sebumit t\u00eb tep\u00ebrt, ky produkt p\u00ebrmban acid hialuronik, p\u00ebrb\u00ebr\u00ebsin aktiv hidratues. Kompleksi i tij unik i bazuar n\u00eb p\u00ebrb\u00ebr\u00ebsit aktiv\u00eb natyral\u00eb rigjeneron dhe pastron skalpin. Pas zgjimit n\u00eb m\u00ebngjes, skalpi juaj do t\u00eb jet\u00eb i hidratuar intensivisht\u00a0 dhe i sh\u00ebndetsh\u00ebm.<\/p>","protected":false},"featured_media":1944,"comment_status":"open","ping_status":"closed","template":"","meta":{"site-sidebar-layout":"default","site-content-layout":"default","ast-site-content-layout":"default","site-content-style":"default","site-sidebar-style":"default","ast-global-header-display":"","ast-banner-title-visibility":"","ast-main-header-display":"","ast-hfb-above-header-display":"","ast-hfb-below-header-display":"","ast-hfb-mobile-header-display":"","site-post-title":"","ast-breadcrumbs-content":"","ast-featured-img":"","footer-sml-layout":"","ast-disable-related-posts":"","theme-transparent-header-meta":"default","adv-header-id-meta":"","stick-header-meta":"","header-above-stick-meta":"","header-main-stick-meta":"","header-below-stick-meta":"","astra-migrate-meta-layouts":"default","ast-page-background-enabled":"default","ast-page-background-meta":{"desktop":{"background-color":"var(--ast-global-color-4)","background-image":"","background-repeat":"repeat","background-position":"center center","background-size":"auto","background-attachment":"scroll","background-type":"","background-media":"","overlay-type":"","overlay-color":"","overlay-opacity":"","overlay-gradient":""},"tablet":{"background-color":"","background-image":"","background-repeat":"repeat","background-position":"center center","background-size":"auto","background-attachment":"scroll","background-type":"","background-media":"","overlay-type":"","overlay-color":"","overlay-opacity":"","overlay-gradient":""},"mobile":{"background-color":"","background-image":"","background-repeat":"repeat","background-position":"center center","background-size":"auto","background-attachment":"scroll","background-type":"","background-media":"","overlay-type":"","overlay-color":"","overlay-opacity":"","overlay-gradient":""}},"ast-content-background-meta":{"desktop":{"background-color":"var(--ast-global-color-5)","background-image":"","background-repeat":"repeat","background-position":"center center","background-size":"auto","background-attachment":"scroll","background-type":"","background-media":"","overlay-type":"","overlay-color":"","overlay-opacity":"","overlay-gradient":""},"tablet":{"background-color":"var(--ast-global-color-5)","background-image":"","background-repeat":"repeat","background-position":"center center","background-size":"auto","background-attachment":"scroll","background-type":"","background-media":"","overlay-type":"","overlay-color":"","overlay-opacity":"","overlay-gradient":""},"mobile":{"background-color":"var(--ast-global-color-5)","background-image":"","background-repeat":"repeat","background-position":"center center","background-size":"auto","background-attachment":"scroll","background-type":"","background-media":"","overlay-type":"","overlay-color":"","overlay-opacity":"","overlay-gradient":""}}},"product_brand":[],"product_cat":[59,28],"product_tag":[],"class_list":{"0":"post-1977","1":"product","2":"type-product","3":"status-publish","4":"has-post-thumbnail","6":"product_cat-balance-regul","7":"product_cat-hairfax","8":"desktop-align-left","9":"tablet-align-left","10":"mobile-align-left","12":"first","13":"instock","14":"shipping-taxable","15":"purchasable","16":"product-type-simple"},"_links":{"self":[{"href":"https:\/\/zois.al\/sq\/wp-json\/wp\/v2\/product\/1977","targetHints":{"allow":["GET"]}}],"collection":[{"href":"https:\/\/zois.al\/sq\/wp-json\/wp\/v2\/product"}],"about":[{"href":"https:\/\/zois.al\/sq\/wp-json\/wp\/v2\/types\/product"}],"replies":[{"embeddable":true,"href":"https:\/\/zois.al\/sq\/wp-json\/wp\/v2\/comments?post=1977"}],"wp:featuredmedia":[{"embeddable":true,"href":"https:\/\/zois.al\/sq\/wp-json\/wp\/v2\/media\/1944"}],"wp:attachment":[{"href":"https:\/\/zois.al\/sq\/wp-json\/wp\/v2\/media?parent=1977"}],"wp:term":[{"taxonomy":"product_brand","embeddable":true,"href":"https:\/\/zois.al\/sq\/wp-json\/wp\/v2\/product_brand?post=1977"},{"taxonomy":"product_cat","embeddable":true,"href":"https:\/\/zois.al\/sq\/wp-json\/wp\/v2\/product_cat?post=1977"},{"taxonomy":"product_tag","embeddable":true,"href":"https:\/\/zois.al\/sq\/wp-json\/wp\/v2\/product_tag?post=1977"}],"curies":[{"name":"wp","href":"https:\/\/api.w.org\/{rel}","templated":true}]}}