{"id":1982,"date":"2023-01-19T23:03:48","date_gmt":"2023-01-19T23:03:48","guid":{"rendered":"http:\/\/localhost\/zois\/?post_type=product&#038;p=1982"},"modified":"2024-12-03T19:38:54","modified_gmt":"2024-12-03T19:38:54","slug":"oxygen-detox-booster","status":"publish","type":"product","link":"https:\/\/zois.al\/sq\/produkt\/oxygen-detox-booster\/","title":{"rendered":"OXYGEN DETOX BOOSTER"},"content":{"rendered":"<p style=\"text-align: left;\">&#8211; Kujdesi gjat\u00eb nat\u00ebs &#8211;<\/p>\n<p style=\"text-align: left;\"><strong>91% p\u00ebrb\u00ebr\u00ebs me origjin\u00eb natyrore<\/strong><\/p>\n<p style=\"text-align: left;\"><strong>P\u00ebrfitimet:<\/strong><\/p>\n<ul style=\"text-align: left;\">\n<li>Normalizon prodhimin e sebumit<\/li>\n<li>Hidraton dhe qet\u00ebson skalpin<\/li>\n<\/ul>\n<p style=\"text-align: left;\"><strong>P\u00ebrdorimi:<\/strong><\/p>\n<p style=\"text-align: left;\">Aplikojeni gjat\u00eb nat\u00ebs.1 deri n\u00eb 2 sprucime dhe m\u00eb pas masazhojeni. Pa shp\u00eblarje.<\/p>\n<p style=\"text-align: left;\">K\u00ebshillohet p\u00ebrdorimi 1 deri n\u00eb 3 her\u00eb n\u00eb jav\u00eb.<\/p>\n<p style=\"text-align: left;\"><strong>P\u00ebrb\u00ebr\u00ebsit:<\/strong><\/p>\n<p style=\"text-align: justify;\">Uj\u00eb, butylene glycol, tea-salicylate, pentylene glycol, tetrasodium disuccinoyl cystine, glycerin, peg-6, phenoxyethanol, xylitol, lactitol, ppg-26-buteth-26, peg-40 hydrogenated castor oil, propylene glycol, citric acid , chlorphenesin, parfum \/ fragrance, ethylhexylglycerin, juglans regia (walnut) leaf extract, linalool, lamium album flower extract, pinus sylvestris cone extract, arctium majus root extract, anthemis nobilis flower extract, rosmarinus officinalis (rosemary) leaf extract, hedera helix extract \/ hedera helix (ivy) extract, arnica montana flower extract, nasturtium officinale extract, allium sativum (garlic) bulb extract, alcohol, sodium hyaluronate, zinc pca, tris(tetramethylhydroxypiperidinol) citrate, rutin, limonene, tocopherol.<\/p>\n<p style=\"text-align: justify;\">Lista e p\u00ebrb\u00ebr\u00ebsve t\u00eb p\u00ebrdorur n\u00eb formulimin e produkteve t\u00eb flok\u00ebve modifikohet rregullisht. Para p\u00ebrdorimit, sigurohuni q\u00eb t\u00eb kontrolloni list\u00ebn e p\u00ebrb\u00ebr\u00ebsve n\u00eb paketim p\u00ebr t\u00eb verifikuar se p\u00ebrb\u00ebr\u00ebsit jan\u00eb t\u00eb p\u00ebrshtatsh\u00ebm p\u00ebr p\u00ebrdorimin tuaj personal.<\/p>\n<p><strong>\u00a0<\/strong><\/p>","protected":false},"excerpt":{"rendered":"<p><strong>50 ml\u00a0<\/strong><\/p>\n<p style=\"text-align: justify;\">I formuluar p\u00ebr t\u00eb hidratuar thell\u00eb l\u00ebkur\u00ebn dhe p\u00ebr t\u00eb luftuar n\u00eb m\u00ebnyr\u00eb efektive kund\u00ebr zbokthit, ky produkt p\u00ebrmban acid hialuronik, p\u00ebrb\u00ebr\u00ebsin aktiv hidratues. Kompleksi i tij unik i bazuar n\u00eb p\u00ebrb\u00ebr\u00ebsit aktiv\u00eb natyral\u00eb rigjeneron dhe pastron skalpin. Pas zgjimit n\u00eb m\u00ebngjes, skalpi juaj do t\u00eb jet\u00eb i hidratuar intensivisht dhe zbokthi do t\u00eb jet\u00eb reduktuar duksh\u00ebm.<\/p>\n<p>&nbsp;<\/p>\n<p>&nbsp;<\/p>","protected":false},"featured_media":1947,"comment_status":"open","ping_status":"closed","template":"","meta":{"site-sidebar-layout":"default","site-content-layout":"default","ast-site-content-layout":"default","site-content-style":"default","site-sidebar-style":"default","ast-global-header-display":"","ast-banner-title-visibility":"","ast-main-header-display":"","ast-hfb-above-header-display":"","ast-hfb-below-header-display":"","ast-hfb-mobile-header-display":"","site-post-title":"","ast-breadcrumbs-content":"","ast-featured-img":"","footer-sml-layout":"","ast-disable-related-posts":"","theme-transparent-header-meta":"default","adv-header-id-meta":"","stick-header-meta":"","header-above-stick-meta":"","header-main-stick-meta":"","header-below-stick-meta":"","astra-migrate-meta-layouts":"default","ast-page-background-enabled":"default","ast-page-background-meta":{"desktop":{"background-color":"var(--ast-global-color-4)","background-image":"","background-repeat":"repeat","background-position":"center center","background-size":"auto","background-attachment":"scroll","background-type":"","background-media":"","overlay-type":"","overlay-color":"","overlay-opacity":"","overlay-gradient":""},"tablet":{"background-color":"","background-image":"","background-repeat":"repeat","background-position":"center center","background-size":"auto","background-attachment":"scroll","background-type":"","background-media":"","overlay-type":"","overlay-color":"","overlay-opacity":"","overlay-gradient":""},"mobile":{"background-color":"","background-image":"","background-repeat":"repeat","background-position":"center center","background-size":"auto","background-attachment":"scroll","background-type":"","background-media":"","overlay-type":"","overlay-color":"","overlay-opacity":"","overlay-gradient":""}},"ast-content-background-meta":{"desktop":{"background-color":"var(--ast-global-color-5)","background-image":"","background-repeat":"repeat","background-position":"center center","background-size":"auto","background-attachment":"scroll","background-type":"","background-media":"","overlay-type":"","overlay-color":"","overlay-opacity":"","overlay-gradient":""},"tablet":{"background-color":"var(--ast-global-color-5)","background-image":"","background-repeat":"repeat","background-position":"center center","background-size":"auto","background-attachment":"scroll","background-type":"","background-media":"","overlay-type":"","overlay-color":"","overlay-opacity":"","overlay-gradient":""},"mobile":{"background-color":"var(--ast-global-color-5)","background-image":"","background-repeat":"repeat","background-position":"center center","background-size":"auto","background-attachment":"scroll","background-type":"","background-media":"","overlay-type":"","overlay-color":"","overlay-opacity":"","overlay-gradient":""}}},"product_brand":[],"product_cat":[28,60],"product_tag":[],"class_list":{"0":"post-1982","1":"product","2":"type-product","3":"status-publish","4":"has-post-thumbnail","6":"product_cat-hairfax","7":"product_cat-oxygen-detox","8":"desktop-align-left","9":"tablet-align-left","10":"mobile-align-left","12":"first","13":"instock","14":"shipping-taxable","15":"purchasable","16":"product-type-simple"},"_links":{"self":[{"href":"https:\/\/zois.al\/sq\/wp-json\/wp\/v2\/product\/1982","targetHints":{"allow":["GET"]}}],"collection":[{"href":"https:\/\/zois.al\/sq\/wp-json\/wp\/v2\/product"}],"about":[{"href":"https:\/\/zois.al\/sq\/wp-json\/wp\/v2\/types\/product"}],"replies":[{"embeddable":true,"href":"https:\/\/zois.al\/sq\/wp-json\/wp\/v2\/comments?post=1982"}],"wp:featuredmedia":[{"embeddable":true,"href":"https:\/\/zois.al\/sq\/wp-json\/wp\/v2\/media\/1947"}],"wp:attachment":[{"href":"https:\/\/zois.al\/sq\/wp-json\/wp\/v2\/media?parent=1982"}],"wp:term":[{"taxonomy":"product_brand","embeddable":true,"href":"https:\/\/zois.al\/sq\/wp-json\/wp\/v2\/product_brand?post=1982"},{"taxonomy":"product_cat","embeddable":true,"href":"https:\/\/zois.al\/sq\/wp-json\/wp\/v2\/product_cat?post=1982"},{"taxonomy":"product_tag","embeddable":true,"href":"https:\/\/zois.al\/sq\/wp-json\/wp\/v2\/product_tag?post=1982"}],"curies":[{"name":"wp","href":"https:\/\/api.w.org\/{rel}","templated":true}]}}