{"id":1983,"date":"2023-01-19T23:05:00","date_gmt":"2023-01-19T23:05:00","guid":{"rendered":"http:\/\/localhost\/zois\/?post_type=product&#038;p=1983"},"modified":"2024-12-03T19:38:54","modified_gmt":"2024-12-03T19:38:54","slug":"oxygen-detox-set","status":"publish","type":"product","link":"https:\/\/zois.al\/sq\/produkt\/oxygen-detox-set\/","title":{"rendered":"OXYGEN DETOX SET"},"content":{"rendered":"<p>&#8211; Kujdesi kund\u00ebr zbokthit &#8211;<\/p>\n<p><strong>Deri n\u00eb 95% p\u00ebrb\u00ebr\u00ebs aktiv\u00eb me origjin\u00eb natyrale<\/strong><\/p>\n<p>P\u00ebrfitimet:<\/p>\n<ul>\n<li>Eliminon zbokthin<\/li>\n<li>Qet\u00ebson kruajtjen<\/li>\n<\/ul>\n<p>P\u00ebrdorimi:<\/p>\n<p>Ndiqni udh\u00ebzimet e disponueshme n\u00eb produktet individuale.<\/p>\n<p>&nbsp;<\/p>","protected":false},"excerpt":{"rendered":"<p style=\"text-align: justify;\">Baza e kujdesit ndaj zbokthit. Ky paketim p\u00ebrmban tre produkte: nj\u00eb serum, nj\u00eb shampo pastruese dhe nj\u00eb locion. Ky protokoll shum\u00eb i plot\u00eb b\u00ebn t\u00eb mundur eliminimin e p\u00ebrhersh\u00ebm t\u00eb zbokthit.<\/p>","protected":false},"featured_media":1952,"comment_status":"open","ping_status":"closed","template":"","meta":{"site-sidebar-layout":"default","site-content-layout":"default","ast-site-content-layout":"default","site-content-style":"default","site-sidebar-style":"default","ast-global-header-display":"","ast-banner-title-visibility":"","ast-main-header-display":"","ast-hfb-above-header-display":"","ast-hfb-below-header-display":"","ast-hfb-mobile-header-display":"","site-post-title":"","ast-breadcrumbs-content":"","ast-featured-img":"","footer-sml-layout":"","ast-disable-related-posts":"","theme-transparent-header-meta":"default","adv-header-id-meta":"","stick-header-meta":"","header-above-stick-meta":"","header-main-stick-meta":"","header-below-stick-meta":"","astra-migrate-meta-layouts":"default","ast-page-background-enabled":"default","ast-page-background-meta":{"desktop":{"background-color":"var(--ast-global-color-4)","background-image":"","background-repeat":"repeat","background-position":"center center","background-size":"auto","background-attachment":"scroll","background-type":"","background-media":"","overlay-type":"","overlay-color":"","overlay-opacity":"","overlay-gradient":""},"tablet":{"background-color":"","background-image":"","background-repeat":"repeat","background-position":"center center","background-size":"auto","background-attachment":"scroll","background-type":"","background-media":"","overlay-type":"","overlay-color":"","overlay-opacity":"","overlay-gradient":""},"mobile":{"background-color":"","background-image":"","background-repeat":"repeat","background-position":"center center","background-size":"auto","background-attachment":"scroll","background-type":"","background-media":"","overlay-type":"","overlay-color":"","overlay-opacity":"","overlay-gradient":""}},"ast-content-background-meta":{"desktop":{"background-color":"var(--ast-global-color-5)","background-image":"","background-repeat":"repeat","background-position":"center center","background-size":"auto","background-attachment":"scroll","background-type":"","background-media":"","overlay-type":"","overlay-color":"","overlay-opacity":"","overlay-gradient":""},"tablet":{"background-color":"var(--ast-global-color-5)","background-image":"","background-repeat":"repeat","background-position":"center center","background-size":"auto","background-attachment":"scroll","background-type":"","background-media":"","overlay-type":"","overlay-color":"","overlay-opacity":"","overlay-gradient":""},"mobile":{"background-color":"var(--ast-global-color-5)","background-image":"","background-repeat":"repeat","background-position":"center center","background-size":"auto","background-attachment":"scroll","background-type":"","background-media":"","overlay-type":"","overlay-color":"","overlay-opacity":"","overlay-gradient":""}}},"product_brand":[],"product_cat":[28,60],"product_tag":[],"class_list":{"0":"post-1983","1":"product","2":"type-product","3":"status-publish","4":"has-post-thumbnail","6":"product_cat-hairfax","7":"product_cat-oxygen-detox","8":"desktop-align-left","9":"tablet-align-left","10":"mobile-align-left","12":"first","13":"instock","14":"shipping-taxable","15":"purchasable","16":"product-type-simple"},"_links":{"self":[{"href":"https:\/\/zois.al\/sq\/wp-json\/wp\/v2\/product\/1983","targetHints":{"allow":["GET"]}}],"collection":[{"href":"https:\/\/zois.al\/sq\/wp-json\/wp\/v2\/product"}],"about":[{"href":"https:\/\/zois.al\/sq\/wp-json\/wp\/v2\/types\/product"}],"replies":[{"embeddable":true,"href":"https:\/\/zois.al\/sq\/wp-json\/wp\/v2\/comments?post=1983"}],"wp:featuredmedia":[{"embeddable":true,"href":"https:\/\/zois.al\/sq\/wp-json\/wp\/v2\/media\/1952"}],"wp:attachment":[{"href":"https:\/\/zois.al\/sq\/wp-json\/wp\/v2\/media?parent=1983"}],"wp:term":[{"taxonomy":"product_brand","embeddable":true,"href":"https:\/\/zois.al\/sq\/wp-json\/wp\/v2\/product_brand?post=1983"},{"taxonomy":"product_cat","embeddable":true,"href":"https:\/\/zois.al\/sq\/wp-json\/wp\/v2\/product_cat?post=1983"},{"taxonomy":"product_tag","embeddable":true,"href":"https:\/\/zois.al\/sq\/wp-json\/wp\/v2\/product_tag?post=1983"}],"curies":[{"name":"wp","href":"https:\/\/api.w.org\/{rel}","templated":true}]}}