{"id":2096,"date":"2023-01-21T17:22:12","date_gmt":"2023-01-21T17:22:12","guid":{"rendered":"http:\/\/localhost\/zois\/?post_type=product&#038;p=2096"},"modified":"2024-12-03T19:38:54","modified_gmt":"2024-12-03T19:38:54","slug":"reflexkera-mask-with-keratin","status":"publish","type":"product","link":"https:\/\/zois.al\/sq\/produkt\/reflexkera-mask-with-keratin\/","title":{"rendered":"Reflexkera-mask with keratin"},"content":{"rendered":"<p><strong>Pa paraben \u2022 100% i prodhuar n\u00eb Franc\u00eb \u2022 I pa testuar te kafsh\u00ebt<\/strong><\/p>\n<p><strong>P\u00ebrb\u00ebr\u00ebsit :<\/strong><\/p>\n<p>88% P\u00cbRB\u00cbR\u00cbS ME ORIGJIN\u00cb NATYRORE<\/p>\n<ul>\n<li><strong>Keratina<\/strong>: p\u00ebrb\u00ebr\u00ebs aktiv kozmetik me veti shum\u00eb forcuese dhe ristrukturuese Keratin<\/li>\n<li><strong>Vaj camelina<\/strong>: zbut flok\u00ebt p\u00ebr t&#8217;i b\u00ebr\u00eb m\u00eb t\u00eb bukur dhe m\u00eb t\u00eb fort\u00eb<\/li>\n<li><strong>Vaji i kokosit<\/strong>: ushqen dhe zbut fibrat, i b\u00ebn flok\u00ebt me shk\u00eblqim dhe energjik<\/li>\n<li><strong>Aminoacidet<\/strong>: ristrukturojn\u00eb dhe japin but\u00ebsi dhe vitalitet<\/li>\n<\/ul>\n<p><strong>Benefite:<\/strong><\/p>\n<ul>\n<li>Ideale p\u00ebr flok\u00ebt e sensibilizuar pa elasticitet<\/li>\n<li>Rikthen trupin dhe elasticitetin<\/li>\n<\/ul>\n<p><strong>P\u00ebrdorimi:<\/strong><\/p>\n<p>Aplikojeni mask\u00ebn seksion pas seksioni n\u00eb flok\u00eb t\u00eb lar\u00eb dhe t\u00eb thar\u00eb me peshqir, l\u00ebreni t\u00eb veproj\u00eb p\u00ebr 5 minuta, shkumoni but\u00ebsisht dhe shp\u00eblajeni mir\u00eb. K\u00ebshill\u00eb: p\u00ebr nj\u00eb trajtim akoma m\u00eb intensiv dhe t\u00eb thell\u00eb, l\u00ebreni mask\u00ebn p\u00ebr 5 minuta n\u00ebn nxeht\u00ebsi.<\/p>\n<p><strong>TEKSTUR\u00cb KREMOZE DHE PARFUM LULESH<\/strong><\/p>","protected":false},"excerpt":{"rendered":"<p>Fal\u00eb veprimit t\u00eb saj forcues, maska \u200b\u200bReflexkera sublimon flok\u00ebt q\u00eb n\u00eb aplikimin e par\u00eb. E pasuruar me keratin\u00eb ristrukturuese, ofron nj\u00eb mbrojtje p\u00ebr flok\u00ebt pa elasticitet, rikthen fibr\u00ebn n\u00eb thell\u00ebsi dhe leht\u00ebson stilimin.<\/p>\n<p><strong>200 ml<\/strong><\/p>\n<p>&nbsp;<\/p>","protected":false},"featured_media":2089,"comment_status":"open","ping_status":"closed","template":"","meta":{"site-sidebar-layout":"default","site-content-layout":"default","ast-site-content-layout":"default","site-content-style":"default","site-sidebar-style":"default","ast-global-header-display":"","ast-banner-title-visibility":"","ast-main-header-display":"","ast-hfb-above-header-display":"","ast-hfb-below-header-display":"","ast-hfb-mobile-header-display":"","site-post-title":"","ast-breadcrumbs-content":"","ast-featured-img":"","footer-sml-layout":"","ast-disable-related-posts":"","theme-transparent-header-meta":"default","adv-header-id-meta":"","stick-header-meta":"","header-above-stick-meta":"","header-main-stick-meta":"","header-below-stick-meta":"","astra-migrate-meta-layouts":"default","ast-page-background-enabled":"default","ast-page-background-meta":{"desktop":{"background-color":"var(--ast-global-color-4)","background-image":"","background-repeat":"repeat","background-position":"center center","background-size":"auto","background-attachment":"scroll","background-type":"","background-media":"","overlay-type":"","overlay-color":"","overlay-opacity":"","overlay-gradient":""},"tablet":{"background-color":"","background-image":"","background-repeat":"repeat","background-position":"center center","background-size":"auto","background-attachment":"scroll","background-type":"","background-media":"","overlay-type":"","overlay-color":"","overlay-opacity":"","overlay-gradient":""},"mobile":{"background-color":"","background-image":"","background-repeat":"repeat","background-position":"center center","background-size":"auto","background-attachment":"scroll","background-type":"","background-media":"","overlay-type":"","overlay-color":"","overlay-opacity":"","overlay-gradient":""}},"ast-content-background-meta":{"desktop":{"background-color":"var(--ast-global-color-5)","background-image":"","background-repeat":"repeat","background-position":"center center","background-size":"auto","background-attachment":"scroll","background-type":"","background-media":"","overlay-type":"","overlay-color":"","overlay-opacity":"","overlay-gradient":""},"tablet":{"background-color":"var(--ast-global-color-5)","background-image":"","background-repeat":"repeat","background-position":"center center","background-size":"auto","background-attachment":"scroll","background-type":"","background-media":"","overlay-type":"","overlay-color":"","overlay-opacity":"","overlay-gradient":""},"mobile":{"background-color":"var(--ast-global-color-5)","background-image":"","background-repeat":"repeat","background-position":"center center","background-size":"auto","background-attachment":"scroll","background-type":"","background-media":"","overlay-type":"","overlay-color":"","overlay-opacity":"","overlay-gradient":""}}},"product_brand":[],"product_cat":[25,61],"product_tag":[],"class_list":{"0":"post-2096","1":"product","2":"type-product","3":"status-publish","4":"has-post-thumbnail","6":"product_cat-coiffance","7":"product_cat-reflexbond","8":"desktop-align-left","9":"tablet-align-left","10":"mobile-align-left","12":"first","13":"instock","14":"shipping-taxable","15":"purchasable","16":"product-type-simple"},"_links":{"self":[{"href":"https:\/\/zois.al\/sq\/wp-json\/wp\/v2\/product\/2096","targetHints":{"allow":["GET"]}}],"collection":[{"href":"https:\/\/zois.al\/sq\/wp-json\/wp\/v2\/product"}],"about":[{"href":"https:\/\/zois.al\/sq\/wp-json\/wp\/v2\/types\/product"}],"replies":[{"embeddable":true,"href":"https:\/\/zois.al\/sq\/wp-json\/wp\/v2\/comments?post=2096"}],"wp:featuredmedia":[{"embeddable":true,"href":"https:\/\/zois.al\/sq\/wp-json\/wp\/v2\/media\/2089"}],"wp:attachment":[{"href":"https:\/\/zois.al\/sq\/wp-json\/wp\/v2\/media?parent=2096"}],"wp:term":[{"taxonomy":"product_brand","embeddable":true,"href":"https:\/\/zois.al\/sq\/wp-json\/wp\/v2\/product_brand?post=2096"},{"taxonomy":"product_cat","embeddable":true,"href":"https:\/\/zois.al\/sq\/wp-json\/wp\/v2\/product_cat?post=2096"},{"taxonomy":"product_tag","embeddable":true,"href":"https:\/\/zois.al\/sq\/wp-json\/wp\/v2\/product_tag?post=2096"}],"curies":[{"name":"wp","href":"https:\/\/api.w.org\/{rel}","templated":true}]}}