{"id":2098,"date":"2023-01-21T17:26:15","date_gmt":"2023-01-21T17:26:15","guid":{"rendered":"http:\/\/localhost\/zois\/?post_type=product&#038;p=2098"},"modified":"2024-12-03T19:38:53","modified_gmt":"2024-12-03T19:38:53","slug":"shampoing-restructurant","status":"publish","type":"product","link":"https:\/\/zois.al\/sq\/produkt\/shampoing-restructurant\/","title":{"rendered":"Shampoing restructurant"},"content":{"rendered":"<p><strong>Pa paraben \u2022 Pa sulfate \u2022 100% e prodhuar n\u00eb Franc\u00eb \u2022 Nuk \u00ebsht\u00eb testuar n\u00eb kafsh\u00eb<\/strong><\/p>\n<p><strong>P\u00ebrb\u00ebr\u00ebsit :<\/strong><\/p>\n<p>90% P\u00cbRB\u00cbR\u00cbS ME ORIGJIN\u00cb NATYRORE<\/p>\n<ul>\n<li><strong>Aminoacidet<\/strong>: ristrukturojn\u00eb, ofrojn\u00eb but\u00ebsi dhe vitalitet<\/li>\n<li><strong>Provitamin\u00eb B5<\/strong>: kozmetike aktive me veti forcuese dhe sublimuese<\/li>\n<\/ul>\n<p><strong>Benefite:<\/strong><\/p>\n<ul>\n<li>P\u00ebrforcon fibr\u00ebn<\/li>\n<li>Siguron hidratim dhe shk\u00eblqim<\/li>\n<li>Riparon d\u00ebmtimet<\/li>\n<\/ul>\n<p><strong>P\u00ebrdorimi:<\/strong><\/p>\n<p>Aplikojeni n\u00eb flok\u00eb t\u00eb lagur, shkumoni, masazhojeni but\u00ebsisht dhe shp\u00eblajeni mir\u00eb. Riaplikojeni n\u00ebse \u00ebsht\u00eb e nevojshme.<\/p>\n<p><strong>TEKSTUR\u00cb KREMOZE DHE PARFUM LULESH<\/strong><\/p>","protected":false},"excerpt":{"rendered":"<p>Me formul\u00ebn e saj me provitamin\u00eb B5 dhe kompleksin e aminoacideve, Shampoja ristrukturuese Reflexbond\u00ae p\u00ebrfor\u00ebcon struktur\u00ebn e flokut tuaj. P\u00ebrmir\u00ebson hidratimin dhe riparon d\u00ebmtimet n\u00eb sip\u00ebrfaqe. Ideale p\u00ebr flok\u00ebt e dekoloruar (kimikisht) sepse rikthen forc\u00ebn dhe shk\u00eblqimin p\u00ebr nj\u00eb rezultat t\u00eb but\u00eb dhe elastik.<\/p>\n<p><strong>250 ml<\/strong><\/p>","protected":false},"featured_media":2092,"comment_status":"open","ping_status":"closed","template":"","meta":{"site-sidebar-layout":"default","site-content-layout":"default","ast-site-content-layout":"default","site-content-style":"default","site-sidebar-style":"default","ast-global-header-display":"","ast-banner-title-visibility":"","ast-main-header-display":"","ast-hfb-above-header-display":"","ast-hfb-below-header-display":"","ast-hfb-mobile-header-display":"","site-post-title":"","ast-breadcrumbs-content":"","ast-featured-img":"","footer-sml-layout":"","ast-disable-related-posts":"","theme-transparent-header-meta":"default","adv-header-id-meta":"","stick-header-meta":"","header-above-stick-meta":"","header-main-stick-meta":"","header-below-stick-meta":"","astra-migrate-meta-layouts":"default","ast-page-background-enabled":"default","ast-page-background-meta":{"desktop":{"background-color":"var(--ast-global-color-4)","background-image":"","background-repeat":"repeat","background-position":"center center","background-size":"auto","background-attachment":"scroll","background-type":"","background-media":"","overlay-type":"","overlay-color":"","overlay-opacity":"","overlay-gradient":""},"tablet":{"background-color":"","background-image":"","background-repeat":"repeat","background-position":"center center","background-size":"auto","background-attachment":"scroll","background-type":"","background-media":"","overlay-type":"","overlay-color":"","overlay-opacity":"","overlay-gradient":""},"mobile":{"background-color":"","background-image":"","background-repeat":"repeat","background-position":"center center","background-size":"auto","background-attachment":"scroll","background-type":"","background-media":"","overlay-type":"","overlay-color":"","overlay-opacity":"","overlay-gradient":""}},"ast-content-background-meta":{"desktop":{"background-color":"var(--ast-global-color-5)","background-image":"","background-repeat":"repeat","background-position":"center center","background-size":"auto","background-attachment":"scroll","background-type":"","background-media":"","overlay-type":"","overlay-color":"","overlay-opacity":"","overlay-gradient":""},"tablet":{"background-color":"var(--ast-global-color-5)","background-image":"","background-repeat":"repeat","background-position":"center center","background-size":"auto","background-attachment":"scroll","background-type":"","background-media":"","overlay-type":"","overlay-color":"","overlay-opacity":"","overlay-gradient":""},"mobile":{"background-color":"var(--ast-global-color-5)","background-image":"","background-repeat":"repeat","background-position":"center center","background-size":"auto","background-attachment":"scroll","background-type":"","background-media":"","overlay-type":"","overlay-color":"","overlay-opacity":"","overlay-gradient":""}}},"product_brand":[],"product_cat":[25,61],"product_tag":[],"class_list":{"0":"post-2098","1":"product","2":"type-product","3":"status-publish","4":"has-post-thumbnail","6":"product_cat-coiffance","7":"product_cat-reflexbond","8":"desktop-align-left","9":"tablet-align-left","10":"mobile-align-left","12":"first","13":"instock","14":"shipping-taxable","15":"purchasable","16":"product-type-simple"},"_links":{"self":[{"href":"https:\/\/zois.al\/sq\/wp-json\/wp\/v2\/product\/2098","targetHints":{"allow":["GET"]}}],"collection":[{"href":"https:\/\/zois.al\/sq\/wp-json\/wp\/v2\/product"}],"about":[{"href":"https:\/\/zois.al\/sq\/wp-json\/wp\/v2\/types\/product"}],"replies":[{"embeddable":true,"href":"https:\/\/zois.al\/sq\/wp-json\/wp\/v2\/comments?post=2098"}],"wp:featuredmedia":[{"embeddable":true,"href":"https:\/\/zois.al\/sq\/wp-json\/wp\/v2\/media\/2092"}],"wp:attachment":[{"href":"https:\/\/zois.al\/sq\/wp-json\/wp\/v2\/media?parent=2098"}],"wp:term":[{"taxonomy":"product_brand","embeddable":true,"href":"https:\/\/zois.al\/sq\/wp-json\/wp\/v2\/product_brand?post=2098"},{"taxonomy":"product_cat","embeddable":true,"href":"https:\/\/zois.al\/sq\/wp-json\/wp\/v2\/product_cat?post=2098"},{"taxonomy":"product_tag","embeddable":true,"href":"https:\/\/zois.al\/sq\/wp-json\/wp\/v2\/product_tag?post=2098"}],"curies":[{"name":"wp","href":"https:\/\/api.w.org\/{rel}","templated":true}]}}