{"id":2108,"date":"2023-01-22T23:55:02","date_gmt":"2023-01-22T23:55:02","guid":{"rendered":"http:\/\/localhost\/zois\/?post_type=product&#038;p=2108"},"modified":"2024-12-03T19:38:53","modified_gmt":"2024-12-03T19:38:53","slug":"nutri-intense-intense-plus-nourishing-mask","status":"publish","type":"product","link":"https:\/\/zois.al\/sq\/produkt\/nutri-intense-intense-plus-nourishing-mask\/","title":{"rendered":"NUTRI INTENSE &#8211; INTENSE PLUS NOURISHING MASK"},"content":{"rendered":"<p><strong>\u2022 PA SULFATE, PA PARABEN \u2022<\/strong><\/p>\n<p><strong>P\u00ebrb\u00ebr\u00ebsit :<\/strong><br \/>\n\u2022 Vaj Babasu<br \/>\n\u2022 Proteina M\u00ebndafshi<br \/>\n\u2022 pH 4.2 &#8211; bezh\u00eb &#8211; arom\u00eb vanilje<\/p>\n<p><strong>Benefite:<\/strong><br \/>\n\u2022 Ushqen n\u00eb thell\u00ebsi dhe rigjeneron<br \/>\n\u2022 Flok\u00eb t\u00eb but\u00eb, t\u00eb p\u00ebrkulsh\u00ebm, dhe t\u00eb m\u00ebndafsht\u00eb<br \/>\n\u2022 Rikthen menj\u00ebher\u00eb gjall\u00ebrin\u00eb dhe shk\u00eblqimin<\/p>\n<p><strong>P\u00ebrdorimi:<\/strong><br \/>\nAplikoni nj\u00eb sasi t\u00eb mjaftueshme t\u00eb Mask\u00ebs Ushqyese Plus Intensive mbi flok\u00eb t\u00eb lar\u00eb me shampo, t\u00eb thar\u00eb me peshqir. shp\u00ebrndani nj\u00ebtrajt\u00ebsisht n\u00eb flok\u00eb dhe l\u00ebreni deri n\u00eb 5 minuta, shkum\u00ebzoni dhe m\u00eb pas shp\u00eblani mir\u00eb..<\/p>","protected":false},"excerpt":{"rendered":"<p>Me koncentrim t\u00eb lart\u00eb, Maska Ushqyese plus Intensive \u00ebsht\u00eb e pasur me vaj rigjall\u00ebrues babasu dhe proteina M\u00ebndafshi. Ushqen n\u00eb thell\u00ebsi dhe ristrukturon flok\u00ebt e d\u00ebmtuar. Rikthen menj\u00ebher\u00eb shk\u00eblqimin dhe plot\u00ebsin\u00eb n\u00eb flok\u00ebt tuaj. Flok\u00ebt b\u00ebhet p\u00ebr t\u00eb p\u00ebrkulsh\u00ebm, t\u00eb shkrif\u00ebt dhe t\u00eb leht\u00eb p\u00ebr tu stiluar.<\/p>\n<p>200 ml &#8211; 6.76 fl.oz<\/p>","protected":false},"featured_media":2109,"comment_status":"open","ping_status":"closed","template":"","meta":{"site-sidebar-layout":"default","site-content-layout":"default","ast-site-content-layout":"default","site-content-style":"default","site-sidebar-style":"default","ast-global-header-display":"","ast-banner-title-visibility":"","ast-main-header-display":"","ast-hfb-above-header-display":"","ast-hfb-below-header-display":"","ast-hfb-mobile-header-display":"","site-post-title":"","ast-breadcrumbs-content":"","ast-featured-img":"","footer-sml-layout":"","ast-disable-related-posts":"","theme-transparent-header-meta":"default","adv-header-id-meta":"","stick-header-meta":"","header-above-stick-meta":"","header-main-stick-meta":"","header-below-stick-meta":"","astra-migrate-meta-layouts":"default","ast-page-background-enabled":"default","ast-page-background-meta":{"desktop":{"background-color":"var(--ast-global-color-4)","background-image":"","background-repeat":"repeat","background-position":"center center","background-size":"auto","background-attachment":"scroll","background-type":"","background-media":"","overlay-type":"","overlay-color":"","overlay-opacity":"","overlay-gradient":""},"tablet":{"background-color":"","background-image":"","background-repeat":"repeat","background-position":"center center","background-size":"auto","background-attachment":"scroll","background-type":"","background-media":"","overlay-type":"","overlay-color":"","overlay-opacity":"","overlay-gradient":""},"mobile":{"background-color":"","background-image":"","background-repeat":"repeat","background-position":"center center","background-size":"auto","background-attachment":"scroll","background-type":"","background-media":"","overlay-type":"","overlay-color":"","overlay-opacity":"","overlay-gradient":""}},"ast-content-background-meta":{"desktop":{"background-color":"var(--ast-global-color-5)","background-image":"","background-repeat":"repeat","background-position":"center center","background-size":"auto","background-attachment":"scroll","background-type":"","background-media":"","overlay-type":"","overlay-color":"","overlay-opacity":"","overlay-gradient":""},"tablet":{"background-color":"var(--ast-global-color-5)","background-image":"","background-repeat":"repeat","background-position":"center center","background-size":"auto","background-attachment":"scroll","background-type":"","background-media":"","overlay-type":"","overlay-color":"","overlay-opacity":"","overlay-gradient":""},"mobile":{"background-color":"var(--ast-global-color-5)","background-image":"","background-repeat":"repeat","background-position":"center center","background-size":"auto","background-attachment":"scroll","background-type":"","background-media":"","overlay-type":"","overlay-color":"","overlay-opacity":"","overlay-gradient":""}}},"product_brand":[],"product_cat":[25,41],"product_tag":[],"class_list":{"0":"post-2108","1":"product","2":"type-product","3":"status-publish","4":"has-post-thumbnail","6":"product_cat-coiffance","7":"product_cat-coiffance-nutri-intense","8":"desktop-align-left","9":"tablet-align-left","10":"mobile-align-left","12":"first","13":"instock","14":"shipping-taxable","15":"purchasable","16":"product-type-simple"},"_links":{"self":[{"href":"https:\/\/zois.al\/sq\/wp-json\/wp\/v2\/product\/2108","targetHints":{"allow":["GET"]}}],"collection":[{"href":"https:\/\/zois.al\/sq\/wp-json\/wp\/v2\/product"}],"about":[{"href":"https:\/\/zois.al\/sq\/wp-json\/wp\/v2\/types\/product"}],"replies":[{"embeddable":true,"href":"https:\/\/zois.al\/sq\/wp-json\/wp\/v2\/comments?post=2108"}],"wp:featuredmedia":[{"embeddable":true,"href":"https:\/\/zois.al\/sq\/wp-json\/wp\/v2\/media\/2109"}],"wp:attachment":[{"href":"https:\/\/zois.al\/sq\/wp-json\/wp\/v2\/media?parent=2108"}],"wp:term":[{"taxonomy":"product_brand","embeddable":true,"href":"https:\/\/zois.al\/sq\/wp-json\/wp\/v2\/product_brand?post=2108"},{"taxonomy":"product_cat","embeddable":true,"href":"https:\/\/zois.al\/sq\/wp-json\/wp\/v2\/product_cat?post=2108"},{"taxonomy":"product_tag","embeddable":true,"href":"https:\/\/zois.al\/sq\/wp-json\/wp\/v2\/product_tag?post=2108"}],"curies":[{"name":"wp","href":"https:\/\/api.w.org\/{rel}","templated":true}]}}