{"id":2168,"date":"2023-01-26T22:48:21","date_gmt":"2023-01-26T22:48:21","guid":{"rendered":"http:\/\/localhost\/zois\/?post_type=product&#038;p=2168"},"modified":"2024-12-03T19:38:53","modified_gmt":"2024-12-03T19:38:53","slug":"follicle-activ-food-supplement","status":"publish","type":"product","link":"https:\/\/zois.al\/sq\/produkt\/follicle-activ-food-supplement\/","title":{"rendered":"Follicle Activ Food Supplement"},"content":{"rendered":"<p>&#8211; Trajtim 3 mujor &#8211;<\/p>\n<p><strong>100%\u00a0 origjin\u00eb bimore<\/strong><\/p>\n<p><strong>P\u00ebrfitimet:<\/strong><\/p>\n<ul>\n<li>Garanton r\u00ebnie t\u00eb q\u00ebndrueshme t\u00eb flok\u00ebve<\/li>\n<li>Aktivizon rritjen e folikulave midis periudhave sezonale<\/li>\n<li>P\u00ebr t&#8217;u p\u00ebrdorur si nj\u00eb mir\u00ebmbajtjeje gjat\u00eb nj\u00eb r\u00ebnieje relativisht normale<\/li>\n<\/ul>\n<p style=\"text-align: left;\"><strong>P\u00ebrdorimi:<\/strong><\/p>\n<p style=\"text-align: justify;\">1 kapsul\u00eb n\u00eb dit\u00eb e shoq\u00ebruar me nj\u00eb got\u00eb uj\u00eb gjat\u00eb vaktit kryesor.<\/p>\n<p style=\"text-align: justify;\">Trajtimi minimalisht 3 muaj.<\/p>\n<p style=\"text-align: justify;\"><strong>P\u00ebrb\u00ebr\u00ebsit:<\/strong><\/p>\n<p style=\"text-align: justify;\">Extract of aerial part of montpellier capillary (adiantum capillus-veneris &#8211; support: maltodextrin) (150 mg or 1500 mg dry plant equivalent);\u00a0extract of aerial part of horsetail (equisetum arvense &#8211; support: maltodextrin, anti-caking agent: silicon dioxide [nano]) (100 mg);\u00a0capsule of plant origin: hydroxypropyl methylcellulose;\u00a0maltodextrin;\u00a0vitamin c (40 mg or 50% of nrvs);\u00a0anti-caking agent: magnesium salts of fatty acids;\u00a0yeast enriched with selenium<\/p>\n<p style=\"text-align: justify;\">Lista e p\u00ebrb\u00ebr\u00ebsve t\u00eb p\u00ebrdorur n\u00eb formulimin e produkteve t\u00eb flok\u00ebve modifikohet rregullisht. Para p\u00ebrdorimit, sigurohuni q\u00eb t\u00eb kontrolloni list\u00ebn e p\u00ebrb\u00ebr\u00ebsve n\u00eb paketim p\u00ebr t\u00eb verifikuar se p\u00ebrb\u00ebr\u00ebsit jan\u00eb t\u00eb p\u00ebrshtatsh\u00ebm p\u00ebr p\u00ebrdorimin tuaj personal.<\/p>\n<p><strong>\u00a0<\/strong><\/p>\n","protected":false},"excerpt":{"rendered":"<p><strong>30 kapsula<\/strong><\/p>\n<p style=\"text-align: justify;\">Suplement dietik\u00a0 i p\u00ebrqendruar n\u00eb vitamina dhe ekstrakte bimore q\u00eb stimulon rritjen e flok\u00ebve dhe rrit ndjesh\u00ebm volumin e tyre. Vitamina C, bishti i kalit, seleniumi dhe p\u00ebrb\u00ebr\u00ebsi aktiv i rritjes (Kapilari Montpellier) rigjall\u00ebrojn\u00eb thell\u00eb fibr\u00ebn e flok\u00ebve dhe ndihmojn\u00eb n\u00eb balancimin e tyre. Dit\u00eb pas dite, flok\u00ebt do t\u00eb jen\u00eb duksh\u00ebm m\u00eb t\u00eb bukur.<\/p>","protected":false},"featured_media":2178,"comment_status":"open","ping_status":"closed","template":"","meta":{"site-sidebar-layout":"default","site-content-layout":"default","ast-site-content-layout":"default","site-content-style":"default","site-sidebar-style":"default","ast-global-header-display":"","ast-banner-title-visibility":"","ast-main-header-display":"","ast-hfb-above-header-display":"","ast-hfb-below-header-display":"","ast-hfb-mobile-header-display":"","site-post-title":"","ast-breadcrumbs-content":"","ast-featured-img":"","footer-sml-layout":"","ast-disable-related-posts":"","theme-transparent-header-meta":"default","adv-header-id-meta":"","stick-header-meta":"","header-above-stick-meta":"","header-main-stick-meta":"","header-below-stick-meta":"","astra-migrate-meta-layouts":"default","ast-page-background-enabled":"default","ast-page-background-meta":{"desktop":{"background-color":"var(--ast-global-color-4)","background-image":"","background-repeat":"repeat","background-position":"center center","background-size":"auto","background-attachment":"scroll","background-type":"","background-media":"","overlay-type":"","overlay-color":"","overlay-opacity":"","overlay-gradient":""},"tablet":{"background-color":"","background-image":"","background-repeat":"repeat","background-position":"center center","background-size":"auto","background-attachment":"scroll","background-type":"","background-media":"","overlay-type":"","overlay-color":"","overlay-opacity":"","overlay-gradient":""},"mobile":{"background-color":"","background-image":"","background-repeat":"repeat","background-position":"center center","background-size":"auto","background-attachment":"scroll","background-type":"","background-media":"","overlay-type":"","overlay-color":"","overlay-opacity":"","overlay-gradient":""}},"ast-content-background-meta":{"desktop":{"background-color":"var(--ast-global-color-5)","background-image":"","background-repeat":"repeat","background-position":"center center","background-size":"auto","background-attachment":"scroll","background-type":"","background-media":"","overlay-type":"","overlay-color":"","overlay-opacity":"","overlay-gradient":""},"tablet":{"background-color":"var(--ast-global-color-5)","background-image":"","background-repeat":"repeat","background-position":"center center","background-size":"auto","background-attachment":"scroll","background-type":"","background-media":"","overlay-type":"","overlay-color":"","overlay-opacity":"","overlay-gradient":""},"mobile":{"background-color":"var(--ast-global-color-5)","background-image":"","background-repeat":"repeat","background-position":"center center","background-size":"auto","background-attachment":"scroll","background-type":"","background-media":"","overlay-type":"","overlay-color":"","overlay-opacity":"","overlay-gradient":""}}},"product_brand":[],"product_cat":[57,28],"product_tag":[],"class_list":{"0":"post-2168","1":"product","2":"type-product","3":"status-publish","4":"has-post-thumbnail","6":"product_cat-follicle-activ","7":"product_cat-hairfax","8":"desktop-align-left","9":"tablet-align-left","10":"mobile-align-left","12":"first","13":"instock","14":"shipping-taxable","15":"purchasable","16":"product-type-simple"},"_links":{"self":[{"href":"https:\/\/zois.al\/sq\/wp-json\/wp\/v2\/product\/2168","targetHints":{"allow":["GET"]}}],"collection":[{"href":"https:\/\/zois.al\/sq\/wp-json\/wp\/v2\/product"}],"about":[{"href":"https:\/\/zois.al\/sq\/wp-json\/wp\/v2\/types\/product"}],"replies":[{"embeddable":true,"href":"https:\/\/zois.al\/sq\/wp-json\/wp\/v2\/comments?post=2168"}],"wp:featuredmedia":[{"embeddable":true,"href":"https:\/\/zois.al\/sq\/wp-json\/wp\/v2\/media\/2178"}],"wp:attachment":[{"href":"https:\/\/zois.al\/sq\/wp-json\/wp\/v2\/media?parent=2168"}],"wp:term":[{"taxonomy":"product_brand","embeddable":true,"href":"https:\/\/zois.al\/sq\/wp-json\/wp\/v2\/product_brand?post=2168"},{"taxonomy":"product_cat","embeddable":true,"href":"https:\/\/zois.al\/sq\/wp-json\/wp\/v2\/product_cat?post=2168"},{"taxonomy":"product_tag","embeddable":true,"href":"https:\/\/zois.al\/sq\/wp-json\/wp\/v2\/product_tag?post=2168"}],"curies":[{"name":"wp","href":"https:\/\/api.w.org\/{rel}","templated":true}]}}