{"id":2309,"date":"2023-01-28T21:51:44","date_gmt":"2023-01-28T21:51:44","guid":{"rendered":"https:\/\/zois.al\/?post_type=product&#038;p=2309"},"modified":"2024-12-03T19:38:53","modified_gmt":"2024-12-03T19:38:53","slug":"brazilian-keratin-shampo","status":"publish","type":"product","link":"https:\/\/zois.al\/sq\/produkt\/brazilian-keratin-shampo\/","title":{"rendered":"BRAZILIAN KERATIN SHAMPOO"},"content":{"rendered":"<p><strong>P\u00ebrb\u00ebr\u00ebsit<\/strong>\u00a0:<\/p>\n<ul>\n<li>Veprim tribologjik<\/li>\n<li>Cupua\u00e7u nga pylli i Amazon<\/li>\n<li>Pa parabene dhe pigmente<\/li>\n<li>Nuk p\u00ebrmban klorur natriumi (krip\u00eb)<\/li>\n<\/ul>\n<p><strong>Benefite<\/strong>:<\/p>\n<ul>\n<li>Promovon hidratimin e thell\u00eb t\u00eb flok\u00ebve t\u00eb drejtuar nga keratina braziliane.<\/li>\n<\/ul>\n<p><strong>P\u00ebrdorimi<\/strong>:<\/p>\n<p>Aplikojeni n\u00eb flok\u00eb t\u00eb lagur. Shkumoni. Shp\u00eblajeni.<\/p>","protected":false},"excerpt":{"rendered":"<p>Pastron but\u00ebsisht flok\u00ebt dhe p\u00ebrgatitet me p\u00ebrb\u00ebr\u00ebs aktiv\u00eb t\u00eb pyllit t\u00eb Amazon. Nuk i than flok\u00ebt dhe as nuk i b\u00ebn poroz. Ka nj\u00eb veprim hidratues. I mban flok\u00ebt t\u00eb sh\u00ebndetsh\u00ebm dhe zgjat drejtimin.<\/p>\n<p><strong>240 ml<\/strong><\/p>","protected":false},"featured_media":2327,"comment_status":"open","ping_status":"closed","template":"","meta":{"site-sidebar-layout":"default","site-content-layout":"default","ast-site-content-layout":"default","site-content-style":"default","site-sidebar-style":"default","ast-global-header-display":"","ast-banner-title-visibility":"","ast-main-header-display":"","ast-hfb-above-header-display":"","ast-hfb-below-header-display":"","ast-hfb-mobile-header-display":"","site-post-title":"","ast-breadcrumbs-content":"","ast-featured-img":"","footer-sml-layout":"","ast-disable-related-posts":"","theme-transparent-header-meta":"default","adv-header-id-meta":"","stick-header-meta":"","header-above-stick-meta":"","header-main-stick-meta":"","header-below-stick-meta":"","astra-migrate-meta-layouts":"default","ast-page-background-enabled":"default","ast-page-background-meta":{"desktop":{"background-color":"var(--ast-global-color-4)","background-image":"","background-repeat":"repeat","background-position":"center center","background-size":"auto","background-attachment":"scroll","background-type":"","background-media":"","overlay-type":"","overlay-color":"","overlay-opacity":"","overlay-gradient":""},"tablet":{"background-color":"","background-image":"","background-repeat":"repeat","background-position":"center center","background-size":"auto","background-attachment":"scroll","background-type":"","background-media":"","overlay-type":"","overlay-color":"","overlay-opacity":"","overlay-gradient":""},"mobile":{"background-color":"","background-image":"","background-repeat":"repeat","background-position":"center center","background-size":"auto","background-attachment":"scroll","background-type":"","background-media":"","overlay-type":"","overlay-color":"","overlay-opacity":"","overlay-gradient":""}},"ast-content-background-meta":{"desktop":{"background-color":"var(--ast-global-color-5)","background-image":"","background-repeat":"repeat","background-position":"center center","background-size":"auto","background-attachment":"scroll","background-type":"","background-media":"","overlay-type":"","overlay-color":"","overlay-opacity":"","overlay-gradient":""},"tablet":{"background-color":"var(--ast-global-color-5)","background-image":"","background-repeat":"repeat","background-position":"center center","background-size":"auto","background-attachment":"scroll","background-type":"","background-media":"","overlay-type":"","overlay-color":"","overlay-opacity":"","overlay-gradient":""},"mobile":{"background-color":"var(--ast-global-color-5)","background-image":"","background-repeat":"repeat","background-position":"center center","background-size":"auto","background-attachment":"scroll","background-type":"","background-media":"","overlay-type":"","overlay-color":"","overlay-opacity":"","overlay-gradient":""}}},"product_brand":[],"product_cat":[29],"product_tag":[],"class_list":{"0":"post-2309","1":"product","2":"type-product","3":"status-publish","4":"has-post-thumbnail","6":"product_cat-ecosmetics","7":"desktop-align-left","8":"tablet-align-left","9":"mobile-align-left","11":"first","12":"instock","13":"shipping-taxable","14":"purchasable","15":"product-type-simple"},"_links":{"self":[{"href":"https:\/\/zois.al\/sq\/wp-json\/wp\/v2\/product\/2309","targetHints":{"allow":["GET"]}}],"collection":[{"href":"https:\/\/zois.al\/sq\/wp-json\/wp\/v2\/product"}],"about":[{"href":"https:\/\/zois.al\/sq\/wp-json\/wp\/v2\/types\/product"}],"replies":[{"embeddable":true,"href":"https:\/\/zois.al\/sq\/wp-json\/wp\/v2\/comments?post=2309"}],"wp:featuredmedia":[{"embeddable":true,"href":"https:\/\/zois.al\/sq\/wp-json\/wp\/v2\/media\/2327"}],"wp:attachment":[{"href":"https:\/\/zois.al\/sq\/wp-json\/wp\/v2\/media?parent=2309"}],"wp:term":[{"taxonomy":"product_brand","embeddable":true,"href":"https:\/\/zois.al\/sq\/wp-json\/wp\/v2\/product_brand?post=2309"},{"taxonomy":"product_cat","embeddable":true,"href":"https:\/\/zois.al\/sq\/wp-json\/wp\/v2\/product_cat?post=2309"},{"taxonomy":"product_tag","embeddable":true,"href":"https:\/\/zois.al\/sq\/wp-json\/wp\/v2\/product_tag?post=2309"}],"curies":[{"name":"wp","href":"https:\/\/api.w.org\/{rel}","templated":true}]}}