{"id":2316,"date":"2023-01-28T22:16:43","date_gmt":"2023-01-28T22:16:43","guid":{"rendered":"https:\/\/zois.al\/?post_type=product&#038;p=2316"},"modified":"2024-12-03T19:38:53","modified_gmt":"2024-12-03T19:38:53","slug":"brazilian-keratin-condicioner","status":"publish","type":"product","link":"https:\/\/zois.al\/sq\/produkt\/brazilian-keratin-condicioner\/","title":{"rendered":"BRAZILIAN KERATIN CONDITIONER"},"content":{"rendered":"<p><strong>P\u00ebrb\u00ebr\u00ebsit<\/strong>\u00a0:<\/p>\n<ul>\n<li>Veprim tribologjik<\/li>\n<li>Cupua\u00e7u nga pylli i Amazon<\/li>\n<li>Pa parabene dhe pigmente<\/li>\n<li>Nuk p\u00ebrmban klorur natriumi (krip\u00eb)<\/li>\n<\/ul>\n<p><strong>Benefite<\/strong>:<\/p>\n<ul>\n<li>Promovon hidratimin e thell\u00eb t\u00eb flok\u00ebve t\u00eb drejtuar nga keratina braziliane.<\/li>\n<\/ul>\n<p><strong>P\u00ebrdorimi<\/strong>:<\/p>\n<p>Shp\u00ebrndani nj\u00eb sasi t\u00eb vog\u00ebl n\u00eb duar. Aplikojeni nga mesi i gjat\u00ebsis\u00eb s\u00eb flokut n\u00eb skajet. L\u00ebreni p\u00ebr 1-2 minuta. Shp\u00eblajeni mir\u00eb.<\/p>","protected":false},"excerpt":{"rendered":"<p>E pasur me p\u00ebrb\u00ebr\u00ebs t\u00eb marr\u00eb n\u00eb pyjet e Amazon\u00ebs q\u00eb rind\u00ebrtojn\u00eb fibr\u00ebn kapilare dhe i l\u00ebn\u00eb flok\u00ebt t\u00eb m\u00ebndafsht\u00eb. Mban flok\u00ebt e hidratuar dhe t\u00eb ushqyer p\u00ebr m\u00eb gjat\u00eb.<\/p>\n<p><strong>220 ml<\/strong><\/p>","protected":false},"featured_media":2317,"comment_status":"open","ping_status":"closed","template":"","meta":{"site-sidebar-layout":"default","site-content-layout":"default","ast-site-content-layout":"default","site-content-style":"default","site-sidebar-style":"default","ast-global-header-display":"","ast-banner-title-visibility":"","ast-main-header-display":"","ast-hfb-above-header-display":"","ast-hfb-below-header-display":"","ast-hfb-mobile-header-display":"","site-post-title":"","ast-breadcrumbs-content":"","ast-featured-img":"","footer-sml-layout":"","ast-disable-related-posts":"","theme-transparent-header-meta":"default","adv-header-id-meta":"","stick-header-meta":"","header-above-stick-meta":"","header-main-stick-meta":"","header-below-stick-meta":"","astra-migrate-meta-layouts":"default","ast-page-background-enabled":"default","ast-page-background-meta":{"desktop":{"background-color":"var(--ast-global-color-4)","background-image":"","background-repeat":"repeat","background-position":"center center","background-size":"auto","background-attachment":"scroll","background-type":"","background-media":"","overlay-type":"","overlay-color":"","overlay-opacity":"","overlay-gradient":""},"tablet":{"background-color":"","background-image":"","background-repeat":"repeat","background-position":"center center","background-size":"auto","background-attachment":"scroll","background-type":"","background-media":"","overlay-type":"","overlay-color":"","overlay-opacity":"","overlay-gradient":""},"mobile":{"background-color":"","background-image":"","background-repeat":"repeat","background-position":"center center","background-size":"auto","background-attachment":"scroll","background-type":"","background-media":"","overlay-type":"","overlay-color":"","overlay-opacity":"","overlay-gradient":""}},"ast-content-background-meta":{"desktop":{"background-color":"var(--ast-global-color-5)","background-image":"","background-repeat":"repeat","background-position":"center center","background-size":"auto","background-attachment":"scroll","background-type":"","background-media":"","overlay-type":"","overlay-color":"","overlay-opacity":"","overlay-gradient":""},"tablet":{"background-color":"var(--ast-global-color-5)","background-image":"","background-repeat":"repeat","background-position":"center center","background-size":"auto","background-attachment":"scroll","background-type":"","background-media":"","overlay-type":"","overlay-color":"","overlay-opacity":"","overlay-gradient":""},"mobile":{"background-color":"var(--ast-global-color-5)","background-image":"","background-repeat":"repeat","background-position":"center center","background-size":"auto","background-attachment":"scroll","background-type":"","background-media":"","overlay-type":"","overlay-color":"","overlay-opacity":"","overlay-gradient":""}}},"product_brand":[],"product_cat":[29],"product_tag":[],"class_list":{"0":"post-2316","1":"product","2":"type-product","3":"status-publish","4":"has-post-thumbnail","6":"product_cat-ecosmetics","7":"desktop-align-left","8":"tablet-align-left","9":"mobile-align-left","11":"first","12":"instock","13":"shipping-taxable","14":"purchasable","15":"product-type-simple"},"_links":{"self":[{"href":"https:\/\/zois.al\/sq\/wp-json\/wp\/v2\/product\/2316","targetHints":{"allow":["GET"]}}],"collection":[{"href":"https:\/\/zois.al\/sq\/wp-json\/wp\/v2\/product"}],"about":[{"href":"https:\/\/zois.al\/sq\/wp-json\/wp\/v2\/types\/product"}],"replies":[{"embeddable":true,"href":"https:\/\/zois.al\/sq\/wp-json\/wp\/v2\/comments?post=2316"}],"wp:featuredmedia":[{"embeddable":true,"href":"https:\/\/zois.al\/sq\/wp-json\/wp\/v2\/media\/2317"}],"wp:attachment":[{"href":"https:\/\/zois.al\/sq\/wp-json\/wp\/v2\/media?parent=2316"}],"wp:term":[{"taxonomy":"product_brand","embeddable":true,"href":"https:\/\/zois.al\/sq\/wp-json\/wp\/v2\/product_brand?post=2316"},{"taxonomy":"product_cat","embeddable":true,"href":"https:\/\/zois.al\/sq\/wp-json\/wp\/v2\/product_cat?post=2316"},{"taxonomy":"product_tag","embeddable":true,"href":"https:\/\/zois.al\/sq\/wp-json\/wp\/v2\/product_tag?post=2316"}],"curies":[{"name":"wp","href":"https:\/\/api.w.org\/{rel}","templated":true}]}}