{"id":2701,"date":"2023-10-19T12:28:26","date_gmt":"2023-10-19T12:28:26","guid":{"rendered":"https:\/\/zois.al\/?post_type=product&#038;p=2701"},"modified":"2024-12-03T19:38:53","modified_gmt":"2024-12-03T19:38:53","slug":"lf-cbd-instant-curl-defining-cream","status":"publish","type":"product","link":"https:\/\/zois.al\/sq\/produkt\/lf-cbd-instant-curl-defining-cream\/","title":{"rendered":"L&#038;F CBD Instant Curl Defining Cream"},"content":{"rendered":"<p><strong>Benefite<\/strong>:<\/p>\n<ul>\n<li>Definon form\u00ebn dhe p\u00ebrmir\u00ebson but\u00ebsin\u00eb dhe shk\u00eblqimin e ka\u00e7urrelave<\/li>\n<li>Nuk ngrin<\/li>\n<li>Nuk l\u00eb ndjesi ngjitje<\/li>\n<li>E p\u00ebrshtatshme p\u00ebr flok\u00eb t\u00eb lyer<\/li>\n<li>Mbrojtje nga rrezet UVA\/UVB<\/li>\n<li>Pa alkool<\/li>\n<li>Pa parabene<\/li>\n<\/ul>\n<p><strong>P\u00ebrdorimi<\/strong>:<\/p>\n<p>Emulsifikoni n\u00eb duar t\u00eb njoma pak sasi produkti dhe p\u00ebrhapeni n\u00eb flok\u00eb t\u00eb njom\u00eb. Aplikimin fillojeni nga mesi i gjat\u00ebsis\u00eb s\u00eb flokut dhe deri n\u00eb fund.<br \/>\nStiloni dhe thani n\u00eb m\u00ebnyr\u00ebn tuaj t\u00eb zakonshme.<\/p>\n<p><strong>P\u00ebrb\u00ebr\u00ebsit<\/strong> :<\/p>\n<p>Water (Aqua), Cetearyl Alcohol, Dimethicone PEG-8 Meadowfoamate, Propylene Glycol Dibenzoate, Polyquaternium-68, Polyquaternium-37, Behentrimonium Chloride, Polyimide-1, Stearamidopropyl Dimethylamine, Magnesium Sulfate, Acrylamidopropyltrimonium Chloride\/Acrylamide Copolymer, Cannabidiol (CBD), Panthenol, Glycerin, Theobroma Grandiflorum Seed Butter, Linum Usitatissimum (Linseed) Seed Extract, Salvia Hispanica Seed Extract, Rhodiola Rosea Root Extract, Hydrolyzed Adansonia Digitata Seed Extract, Krameria Triandra Root Extract, Sarothamnus Scoparius Extract, Juglans Regia (Walnut) Leaf Extract, Guar Hydroxypropyltrimonium Chloride, Caesalpinia Spinosa Gum, C11-13 Isoparaffin, Isohexadecane, Dimethiconol, Caprylic\/Capric Triglycerides, Disodium EDTA, Lactic Acid, Sodium Benzoate, Potassium Sorbate, Phenoxyethanol, Chlorphenesin, Caprylyl Glycol, Amyl Cinnamal, Benzyl Benzoate, Citronellol, Limonene, Hexyl Cinnamal, Linalool, Fragrance (Parfum)<\/p>","protected":false},"excerpt":{"rendered":"<p>Krem \u200b\u200bstilues inovator, i formuluar pa alkool. P\u00ebrkujdeset p\u00ebr form\u00ebn e kacurrelave tuaja.<br \/>\nBazuar n\u00eb formulim bimor, p\u00ebrmir\u00ebson hidratimin brenda lidhjeve te flokut, duke ofruar kacurrela elastike dhe natyrale, nj\u00ebkoh\u00ebsisht redukton frizz p\u00ebr form\u00eb m\u00eb t\u00eb but\u00eb dhe m\u00eb natyrale.<\/p>\n<p>180 ml<\/p>","protected":false},"featured_media":2702,"comment_status":"open","ping_status":"closed","template":"","meta":{"site-sidebar-layout":"default","site-content-layout":"","ast-site-content-layout":"default","site-content-style":"default","site-sidebar-style":"default","ast-global-header-display":"","ast-banner-title-visibility":"","ast-main-header-display":"","ast-hfb-above-header-display":"","ast-hfb-below-header-display":"","ast-hfb-mobile-header-display":"","site-post-title":"","ast-breadcrumbs-content":"","ast-featured-img":"","footer-sml-layout":"","ast-disable-related-posts":"","theme-transparent-header-meta":"default","adv-header-id-meta":"","stick-header-meta":"","header-above-stick-meta":"","header-main-stick-meta":"","header-below-stick-meta":"","astra-migrate-meta-layouts":"set","ast-page-background-enabled":"default","ast-page-background-meta":{"desktop":{"background-color":"var(--ast-global-color-4)","background-image":"","background-repeat":"repeat","background-position":"center center","background-size":"auto","background-attachment":"scroll","background-type":"","background-media":"","overlay-type":"","overlay-color":"","overlay-opacity":"","overlay-gradient":""},"tablet":{"background-color":"","background-image":"","background-repeat":"repeat","background-position":"center center","background-size":"auto","background-attachment":"scroll","background-type":"","background-media":"","overlay-type":"","overlay-color":"","overlay-opacity":"","overlay-gradient":""},"mobile":{"background-color":"","background-image":"","background-repeat":"repeat","background-position":"center center","background-size":"auto","background-attachment":"scroll","background-type":"","background-media":"","overlay-type":"","overlay-color":"","overlay-opacity":"","overlay-gradient":""}},"ast-content-background-meta":{"desktop":{"background-color":"var(--ast-global-color-5)","background-image":"","background-repeat":"repeat","background-position":"center center","background-size":"auto","background-attachment":"scroll","background-type":"","background-media":"","overlay-type":"","overlay-color":"","overlay-opacity":"","overlay-gradient":""},"tablet":{"background-color":"var(--ast-global-color-5)","background-image":"","background-repeat":"repeat","background-position":"center center","background-size":"auto","background-attachment":"scroll","background-type":"","background-media":"","overlay-type":"","overlay-color":"","overlay-opacity":"","overlay-gradient":""},"mobile":{"background-color":"var(--ast-global-color-5)","background-image":"","background-repeat":"repeat","background-position":"center center","background-size":"auto","background-attachment":"scroll","background-type":"","background-media":"","overlay-type":"","overlay-color":"","overlay-opacity":"","overlay-gradient":""}}},"product_brand":[],"product_cat":[23],"product_tag":[],"class_list":{"0":"post-2701","1":"product","2":"type-product","3":"status-publish","4":"has-post-thumbnail","6":"product_cat-leaf-and-flower","7":"desktop-align-left","8":"tablet-align-left","9":"mobile-align-left","11":"first","12":"instock","13":"shipping-taxable","14":"purchasable","15":"product-type-simple"},"_links":{"self":[{"href":"https:\/\/zois.al\/sq\/wp-json\/wp\/v2\/product\/2701","targetHints":{"allow":["GET"]}}],"collection":[{"href":"https:\/\/zois.al\/sq\/wp-json\/wp\/v2\/product"}],"about":[{"href":"https:\/\/zois.al\/sq\/wp-json\/wp\/v2\/types\/product"}],"replies":[{"embeddable":true,"href":"https:\/\/zois.al\/sq\/wp-json\/wp\/v2\/comments?post=2701"}],"wp:featuredmedia":[{"embeddable":true,"href":"https:\/\/zois.al\/sq\/wp-json\/wp\/v2\/media\/2702"}],"wp:attachment":[{"href":"https:\/\/zois.al\/sq\/wp-json\/wp\/v2\/media?parent=2701"}],"wp:term":[{"taxonomy":"product_brand","embeddable":true,"href":"https:\/\/zois.al\/sq\/wp-json\/wp\/v2\/product_brand?post=2701"},{"taxonomy":"product_cat","embeddable":true,"href":"https:\/\/zois.al\/sq\/wp-json\/wp\/v2\/product_cat?post=2701"},{"taxonomy":"product_tag","embeddable":true,"href":"https:\/\/zois.al\/sq\/wp-json\/wp\/v2\/product_tag?post=2701"}],"curies":[{"name":"wp","href":"https:\/\/api.w.org\/{rel}","templated":true}]}}