{"id":2704,"date":"2023-11-01T10:16:07","date_gmt":"2023-11-01T10:16:07","guid":{"rendered":"https:\/\/zois.al\/?post_type=product&#038;p=2704"},"modified":"2024-12-03T19:38:53","modified_gmt":"2024-12-03T19:38:53","slug":"coiffance-instant-repair","status":"publish","type":"product","link":"https:\/\/zois.al\/sq\/produkt\/coiffance-instant-repair\/","title":{"rendered":"COIFFANCE INSTANT REPAIR"},"content":{"rendered":"<p><strong>P\u00ebrb\u00ebr\u00ebsit :<\/strong><br \/>\n\u2022 96% P\u00cbRB\u00cbR\u00cbS ME ORIGJIN\u00cb NATYRORE<\/p>\n<p><strong>Benefite :<\/strong><br \/>\n\u2022 Riparon thell\u00ebsisht dhe transformon flok\u00ebt<br \/>\n\u2022 Rikthehet shk\u00eblqimi<br \/>\n\u2022 Rikthehet but\u00ebsia<\/p>\n<p><strong>P\u00ebrdorimi :<\/strong><br \/>\nAplikoni 1 deri n\u00eb 2 pompeta produkt n\u00eb flok\u00eb t\u00eb lagur, t\u00eb tamponuar me peshqir. Shp\u00ebrndajeni mir\u00eb p\u00ebrgjat\u00eb gjat\u00ebsis\u00eb dhe skajeve. Vazhdoni me stilimin tuaj t\u00eb zakonsh\u00ebm.<\/p>","protected":false},"excerpt":{"rendered":"<p>Zbuloni produktin m\u00eb innovator nga Coiffance Professionnel, trajtimin me ceramide i cili riparon thell\u00ebsisht dhe transformon flok\u00ebt n\u00eb vet\u00ebm 4 minuta! Formula ekskluzive ofron 90% riparim t\u00eb flok\u00ebve q\u00eb n\u00eb aplikimin e par\u00eb. Flok\u00ebve t\u00eb d\u00ebmtuar dhe t\u00eb brisht\u00eb u rikthehet menj\u00ebher\u00eb shk\u00eblqimi dhe but\u00ebsia.<\/p>\n<p>100ml<\/p>","protected":false},"featured_media":2705,"comment_status":"open","ping_status":"closed","template":"","meta":{"site-sidebar-layout":"default","site-content-layout":"","ast-site-content-layout":"default","site-content-style":"default","site-sidebar-style":"default","ast-global-header-display":"","ast-banner-title-visibility":"","ast-main-header-display":"","ast-hfb-above-header-display":"","ast-hfb-below-header-display":"","ast-hfb-mobile-header-display":"","site-post-title":"","ast-breadcrumbs-content":"","ast-featured-img":"","footer-sml-layout":"","ast-disable-related-posts":"","theme-transparent-header-meta":"default","adv-header-id-meta":"","stick-header-meta":"","header-above-stick-meta":"","header-main-stick-meta":"","header-below-stick-meta":"","astra-migrate-meta-layouts":"set","ast-page-background-enabled":"default","ast-page-background-meta":{"desktop":{"background-color":"var(--ast-global-color-4)","background-image":"","background-repeat":"repeat","background-position":"center center","background-size":"auto","background-attachment":"scroll","background-type":"","background-media":"","overlay-type":"","overlay-color":"","overlay-opacity":"","overlay-gradient":""},"tablet":{"background-color":"","background-image":"","background-repeat":"repeat","background-position":"center center","background-size":"auto","background-attachment":"scroll","background-type":"","background-media":"","overlay-type":"","overlay-color":"","overlay-opacity":"","overlay-gradient":""},"mobile":{"background-color":"","background-image":"","background-repeat":"repeat","background-position":"center center","background-size":"auto","background-attachment":"scroll","background-type":"","background-media":"","overlay-type":"","overlay-color":"","overlay-opacity":"","overlay-gradient":""}},"ast-content-background-meta":{"desktop":{"background-color":"var(--ast-global-color-5)","background-image":"","background-repeat":"repeat","background-position":"center center","background-size":"auto","background-attachment":"scroll","background-type":"","background-media":"","overlay-type":"","overlay-color":"","overlay-opacity":"","overlay-gradient":""},"tablet":{"background-color":"var(--ast-global-color-5)","background-image":"","background-repeat":"repeat","background-position":"center center","background-size":"auto","background-attachment":"scroll","background-type":"","background-media":"","overlay-type":"","overlay-color":"","overlay-opacity":"","overlay-gradient":""},"mobile":{"background-color":"var(--ast-global-color-5)","background-image":"","background-repeat":"repeat","background-position":"center center","background-size":"auto","background-attachment":"scroll","background-type":"","background-media":"","overlay-type":"","overlay-color":"","overlay-opacity":"","overlay-gradient":""}}},"product_brand":[],"product_cat":[25,63],"product_tag":[],"class_list":{"0":"post-2704","1":"product","2":"type-product","3":"status-publish","4":"has-post-thumbnail","6":"product_cat-coiffance","7":"product_cat-coiffance-repair","8":"desktop-align-left","9":"tablet-align-left","10":"mobile-align-left","12":"first","13":"instock","14":"shipping-taxable","15":"purchasable","16":"product-type-simple"},"_links":{"self":[{"href":"https:\/\/zois.al\/sq\/wp-json\/wp\/v2\/product\/2704","targetHints":{"allow":["GET"]}}],"collection":[{"href":"https:\/\/zois.al\/sq\/wp-json\/wp\/v2\/product"}],"about":[{"href":"https:\/\/zois.al\/sq\/wp-json\/wp\/v2\/types\/product"}],"replies":[{"embeddable":true,"href":"https:\/\/zois.al\/sq\/wp-json\/wp\/v2\/comments?post=2704"}],"wp:featuredmedia":[{"embeddable":true,"href":"https:\/\/zois.al\/sq\/wp-json\/wp\/v2\/media\/2705"}],"wp:attachment":[{"href":"https:\/\/zois.al\/sq\/wp-json\/wp\/v2\/media?parent=2704"}],"wp:term":[{"taxonomy":"product_brand","embeddable":true,"href":"https:\/\/zois.al\/sq\/wp-json\/wp\/v2\/product_brand?post=2704"},{"taxonomy":"product_cat","embeddable":true,"href":"https:\/\/zois.al\/sq\/wp-json\/wp\/v2\/product_cat?post=2704"},{"taxonomy":"product_tag","embeddable":true,"href":"https:\/\/zois.al\/sq\/wp-json\/wp\/v2\/product_tag?post=2704"}],"curies":[{"name":"wp","href":"https:\/\/api.w.org\/{rel}","templated":true}]}}